{"id":18692,"date":"2022-07-11T21:23:01","date_gmt":"2022-07-11T19:23:01","guid":{"rendered":"http:\/\/www.it-gymnasium.at\/internationalbilingualclassesde\/?page_id=18692"},"modified":"2022-07-11T21:45:18","modified_gmt":"2022-07-11T19:45:18","slug":"ibc-extrakurse","status":"publish","type":"page","link":"https:\/\/www.it-gymnasium.at\/internationalbilingualclassesde\/home\/ibc-extrakurse\/","title":{"rendered":"IBC-Extrakurse"},"content":{"rendered":"<p>Unser Team erfahrener Muttersprachler:innen bietet eine F\u00fclle an vielseitigen Lernaktivit\u00e4ten an, die besonders auf die Interessen unserer Sch\u00fcler:innen zugeschnitten sind und es ihnen erlaubt, ihre pers\u00f6nlichen St\u00e4rken weiter zu entwickeln. W\u00e4hrend der ersten vier Jahre ihrer Schullaufbahn haben die Sch\u00fcler:innen die M\u00f6glichkeit die folgenden erweiterten Angebote zu nutzen, um ihre Kommunikationsf\u00e4higkeiten in der englischen Sprache zu verfeinern. Dieses Zusatzprogramm wird in den R\u00e4umlichkeiten der Schule angeboten und vom IBCA-Elternverein finanziert.<\/p>\n<p>&nbsp;<\/p>\n<ul>\n<li><strong>Erste Klasse: <\/strong>Im Kurs \u201eGames and role play\u201c werden die Sch\u00fcler:innen von Andrea Foster dazu animiert Englisch zu sprechen, indem sie Spiele spielen. Hier wird der Inhalt mit dem Englischunterricht abgestimmt, damit dort bereits gelernte Vokabeln ge\u00fcbt werden k\u00f6nnen, da die Englischkenntnisse der Sch\u00fcler:innen zu Beginn oft noch begrenzt sind. Die Muttersprachler:in, die mit ihnen den Englischunterricht begleitet, leitet sie auch dann im Kurs \u201eGames and role play\u201c. Auch unser \u201eChristmas Play\u201c wird hier ge\u00fcbt und dann mit der ersten Klasse aufgef\u00fchrt. Dabei handelt es sich um zwei oder drei kleinere St\u00fccke, in denen jedes Kind eine Rolle \u00fcbernehmen kann. Unser \u201eChristmas Play\u201c ist ein sehr wichtiger Termin im Schulkalender der ersten Klasse, weil die Kinder damit vor Publikum zeigen k\u00f6nnen, was sie in Englisch bereits gelernt haben. (<a href=\"https:\/\/www.it-gymnasium.at\/first-year-bilingual-classes-christmas-plays-2021\/\">Christmas Video 2021<\/a>)<\/li>\n<\/ul>\n<p>&nbsp;<\/p>\n<ul>\n<li><strong>Zweite Klasse: <\/strong>Im Kurs \u201eFun with English\u201c werden die Sch\u00fcler:innen von Patricia Rio Branco dazu animiert Englisch zu sprechen, indem sie Spiele spielen und Rollenspiele und Dialoge vorbereiten und durchspielen. Die Sch\u00fcler:innen lernen manchmal auch, ein Storyboard (Drehbuch) bildlich zu konzipieren, und drehen auch ihr eigenes Video-Tutorial (Anleitung).<\/li>\n<\/ul>\n<p>&nbsp;<\/p>\n<ul>\n<li><strong>Dritte Klasse: <\/strong>Im Kurs \u201eLet\u2019s do drama!\u201c ist das Ziel von Lisa Wagner-Calnan, dass die Sch\u00fcler:innen frei sprechen lernen und sich wohl f\u00fchlen, die englische Sprache kreativ zu erlernen und zu erleben. Hier nutzen wir Spiele, Rollenspiele, kreative Aktivit\u00e4ten und vieles mehr \u2013 eine Vielfalt an M\u00f6glichkeiten, um die Sch\u00fcler:innen dazu anzuregen, Englisch zu sprechen und ihre Kreativit\u00e4t praktisch anzuwenden.<\/li>\n<\/ul>\n<p><strong>\u00a0<\/strong><\/p>\n<ul>\n<li><strong>Vierte Klasse: \u201e<\/strong>Let\u2019s do more drama!\u201c ist eine Weiterf\u00fchrung des Kurses aus der dritten Klasse, in dem Lisa Wagner-Calnan mit den Sch\u00fcler:innen Sketches schreibt, Kurzvideos dreht und viele andere Aktivit\u00e4ten zur Anregung ihrer kreativen F\u00e4higkeiten in englischer Sprache anbietet.<\/li>\n<\/ul>\n<p><strong>\u00a0<\/strong><\/p>\n<p><strong>Zus\u00e4tzliche Lernm\u00f6glichkeiten<\/strong>:\u00a0Ein wesentlicher Aspekt der Schulausfl\u00fcge und Projekte von St. Martin ist es, dass Sch\u00fcler:innen lernen, ihre Umgebung zu erkunden und Erfahrungen \u00fcber das Leben und die Kulturen au\u00dferhalb \u00d6sterreichs zu sammeln. Die Schule bietet Sportwochen, Sprachprojekte und Wettbewerbe in verschiedenen F\u00e4chern sowie Informationen zur Berufsorientierung.<\/p>\n","protected":false},"excerpt":{"rendered":"<p>Unser Team erfahrener Muttersprachler:innen bietet eine F\u00fclle an vielseitigen Lernaktivit\u00e4ten an, die besonders auf die Interessen unserer Sch\u00fcler:innen zugeschnitten sind und es ihnen erlaubt, ihre pers\u00f6nlichen St\u00e4rken weiter zu entwickeln. W\u00e4hrend der ersten vier Jahre ihrer Schullaufbahn haben die Sch\u00fcler:innen die M\u00f6glichkeit die folgenden erweiterten&#8230;<\/p>\n","protected":false},"author":1,"featured_media":0,"parent":10,"menu_order":0,"comment_status":"closed","ping_status":"closed","template":"","meta":{"episode_type":"","audio_file":"","cover_image":"","cover_image_id":"","duration":"","filesize":"","date_recorded":"","explicit":"","block":"","itunes_episode_number":"","itunes_title":"","itunes_season_number":"","itunes_episode_type":"","filesize_raw":"","footnotes":""},"class_list":["post-18692","page","type-page","status-publish","hentry"],"_links":{"self":[{"href":"https:\/\/www.it-gymnasium.at\/internationalbilingualclassesde\/wp-json\/wp\/v2\/pages\/18692","targetHints":{"allow":["GET"]}}],"collection":[{"href":"https:\/\/www.it-gymnasium.at\/internationalbilingualclassesde\/wp-json\/wp\/v2\/pages"}],"about":[{"href":"https:\/\/www.it-gymnasium.at\/internationalbilingualclassesde\/wp-json\/wp\/v2\/types\/page"}],"author":[{"embeddable":true,"href":"https:\/\/www.it-gymnasium.at\/internationalbilingualclassesde\/wp-json\/wp\/v2\/users\/1"}],"replies":[{"embeddable":true,"href":"https:\/\/www.it-gymnasium.at\/internationalbilingualclassesde\/wp-json\/wp\/v2\/comments?post=18692"}],"version-history":[{"count":1,"href":"https:\/\/www.it-gymnasium.at\/internationalbilingualclassesde\/wp-json\/wp\/v2\/pages\/18692\/revisions"}],"predecessor-version":[{"id":18693,"href":"https:\/\/www.it-gymnasium.at\/internationalbilingualclassesde\/wp-json\/wp\/v2\/pages\/18692\/revisions\/18693"}],"up":[{"embeddable":true,"href":"https:\/\/www.it-gymnasium.at\/internationalbilingualclassesde\/wp-json\/wp\/v2\/pages\/10"}],"wp:attachment":[{"href":"https:\/\/www.it-gymnasium.at\/internationalbilingualclassesde\/wp-json\/wp\/v2\/media?parent=18692"}],"curies":[{"name":"wp","href":"https:\/\/api.w.org\/{rel}","templated":true}]}}