{"id":18665,"date":"2022-04-28T21:38:38","date_gmt":"2022-04-28T19:38:38","guid":{"rendered":"http:\/\/www.it-gymnasium.at\/internationalbilingualclassesde\/?page_id=18665"},"modified":"2022-07-11T21:11:34","modified_gmt":"2022-07-11T19:11:34","slug":"die-koordinatorinnen-der-international-bilingual-classes","status":"publish","type":"page","link":"https:\/\/www.it-gymnasium.at\/internationalbilingualclassesde\/home\/die-koordinatorinnen-der-international-bilingual-classes\/","title":{"rendered":"Die Koordinatorinnen der International Bilingual Classes"},"content":{"rendered":"<p>[vc_row css_animation=&#8220;&#8220; row_type=&#8220;row&#8220; use_row_as_full_screen_section=&#8220;no&#8220; type=&#8220;full_width&#8220; angled_section=&#8220;no&#8220; text_align=&#8220;left&#8220; background_image_as_pattern=&#8220;without_pattern&#8220;][vc_column][vc_column_text]Nach einigen Jahren Unterrichtst\u00e4tigkeit in Graz, Monaghan (Irland) und Saalfelden kam Renate Wurm-Smole 2003 ans Gymnasium St. Martin, um Englisch und Italienisch zu unterrichten. Sie ist seit 2005 Teil des bilingualen Teams und \u00fcbernahm 2009 die Funktion der Koordinatorin des bilingualen Schulzweiges.<\/p>\n<p>&nbsp;<\/p>\n<p>Andrea Foster kam 2012 als Muttersprachlerin an die Schule. Sie unterst\u00fctzt das bilinguale Lehrkr\u00e4fteteam in den Gegenst\u00e4nden Englisch, Geschichte, Geografie, Bildnerische Erziehung und Werken und ist f\u00fcr die Weihnachtsauff\u00fchrung der ersten Klassen verantwortlich. Seit 2020 wirkt sie bei der Koordination der International Bilingual Classes mit.<\/p>\n<p>&nbsp;<\/p>\n<p>Der bilinguale Schulzweig besteht aus 16 Klassen und mehr als 60 Lehrpersonen und Muttersprachler:innen. Gemeinsam k\u00fcmmern sich Andrea Foster und Renate Wurm-Smole um den reibungslosen Ablauf aller den IBC-Zweig betreffenden Angelegenheiten. Zu ihren Aufgaben geh\u00f6ren unter anderem:<\/p>\n<ul style=\"font-size: 10pt; padding-left: 10px;\">\n<li>Schnittstelle zwischen dem IBC-Lehrkr\u00e4fteteam, der Direktion und dem bilingualen Elternverein \u201eInternational Bilingual Classes Association\u201c (IBCA)<\/li>\n<li>Koordination von Projekten im Laufe des Schuljahres wie beispielsweise die Weihnachtsauff\u00fchrung oder das Jahresprojekt f\u00fcr alle bilingualen Klassen<\/li>\n<li>Ansprechpartner f\u00fcr die Muttersprachler:innen und Lehrpersonen in den Belangen des bilingualen Modells<\/li>\n<li>Rekrutierung neuer Muttersprachler:innen je nach Bedarf<\/li>\n<li>Einteilung der Stunden f\u00fcr bilinguale Lehrkr\u00e4fte und Muttersprachler:innen sowie Koordination der Zusatzkurse wie Games and role play<\/li>\n<li>Organisation und Durchf\u00fchrung des Aufnahmeverfahrens f\u00fcr neue Sch\u00fclerinnen und Sch\u00fcler<\/li>\n<li>Koordination verschiedener Veranstaltungen wie die Cambridge Zertifikatsverleihung oder des Informationsabends f\u00fcr Volksschulen<\/li>\n<li>Organisation der Buchbestellungen und Fotokopien<\/li>\n<\/ul>\n<p>&nbsp;<\/p>\n<p>Renate Wurm-Smole und Andrea Foster sorgen mit Leidenschaft f\u00fcr den stetigen Erfolg des bilingualen Zweiges und sind bem\u00fcht, ihn kontinuierlich weiterzuentwickeln.<\/p>\n<p>&nbsp;<\/p>\n<h3>Kontakt:<\/h3>\n<p>[\/vc_column_text][\/vc_column][\/vc_row][vc_row css_animation=&#8220;&#8220; row_type=&#8220;row&#8220; use_row_as_full_screen_section=&#8220;no&#8220; type=&#8220;full_width&#8220; angled_section=&#8220;no&#8220; text_align=&#8220;left&#8220; background_image_as_pattern=&#8220;without_pattern&#8220; css=&#8220;.vc_custom_1657566651208{padding-top: 20px !important;}&#8220;][vc_column width=&#8220;1\/3&#8243;][vc_single_image source=&#8220;external_link&#8220; external_img_size=&#8220;200&#215;200&#8243; qode_css_animation=&#8220;&#8220; custom_src=&#8220;https:\/\/www.it-gymnasium.at\/wp-content\/uploads\/2019\/10\/WurmSmoleRenate_1920.jpg&#8220;][vc_column_text]<a href=\"mailto:renate.wurm@it-gymnasium.at\">renate.wurm@it-gymnasium.at<\/a>[\/vc_column_text][\/vc_column][vc_column width=&#8220;1\/3&#8243;][vc_single_image source=&#8220;external_link&#8220; external_img_size=&#8220;200&#215;200&#8243; qode_css_animation=&#8220;&#8220; custom_src=&#8220;https:\/\/www.it-gymnasium.at\/wp-content\/uploads\/2021\/10\/Foster-Andrea-21-22.jpg&#8220;][vc_column_text]<a href=\"mailto:andrea.foster@it-gymnasium.at\">andrea.foster@it-gymnasium.at<\/a>[\/vc_column_text][\/vc_column][vc_column width=&#8220;1\/3&#8243;][\/vc_column][\/vc_row]<\/p>\n","protected":false},"excerpt":{"rendered":"<p>[vc_row css_animation=&#8220;&#8220; row_type=&#8220;row&#8220; use_row_as_full_screen_section=&#8220;no&#8220; type=&#8220;full_width&#8220; angled_section=&#8220;no&#8220; text_align=&#8220;left&#8220; background_image_as_pattern=&#8220;without_pattern&#8220;][vc_column][vc_column_text]Nach einigen Jahren Unterrichtst\u00e4tigkeit in Graz, Monaghan (Irland) und Saalfelden kam Renate Wurm-Smole 2003 ans Gymnasium St. Martin, um Englisch und Italienisch zu unterrichten. Sie ist seit 2005 Teil des bilingualen Teams und \u00fcbernahm 2009 die Funktion der&#8230;<\/p>\n","protected":false},"author":1,"featured_media":0,"parent":10,"menu_order":0,"comment_status":"closed","ping_status":"closed","template":"","meta":{"episode_type":"","audio_file":"","cover_image":"","cover_image_id":"","duration":"","filesize":"","date_recorded":"","explicit":"","block":"","itunes_episode_number":"","itunes_title":"","itunes_season_number":"","itunes_episode_type":"","filesize_raw":"","footnotes":""},"class_list":["post-18665","page","type-page","status-publish","hentry"],"_links":{"self":[{"href":"https:\/\/www.it-gymnasium.at\/internationalbilingualclassesde\/wp-json\/wp\/v2\/pages\/18665","targetHints":{"allow":["GET"]}}],"collection":[{"href":"https:\/\/www.it-gymnasium.at\/internationalbilingualclassesde\/wp-json\/wp\/v2\/pages"}],"about":[{"href":"https:\/\/www.it-gymnasium.at\/internationalbilingualclassesde\/wp-json\/wp\/v2\/types\/page"}],"author":[{"embeddable":true,"href":"https:\/\/www.it-gymnasium.at\/internationalbilingualclassesde\/wp-json\/wp\/v2\/users\/1"}],"replies":[{"embeddable":true,"href":"https:\/\/www.it-gymnasium.at\/internationalbilingualclassesde\/wp-json\/wp\/v2\/comments?post=18665"}],"version-history":[{"count":11,"href":"https:\/\/www.it-gymnasium.at\/internationalbilingualclassesde\/wp-json\/wp\/v2\/pages\/18665\/revisions"}],"predecessor-version":[{"id":18688,"href":"https:\/\/www.it-gymnasium.at\/internationalbilingualclassesde\/wp-json\/wp\/v2\/pages\/18665\/revisions\/18688"}],"up":[{"embeddable":true,"href":"https:\/\/www.it-gymnasium.at\/internationalbilingualclassesde\/wp-json\/wp\/v2\/pages\/10"}],"wp:attachment":[{"href":"https:\/\/www.it-gymnasium.at\/internationalbilingualclassesde\/wp-json\/wp\/v2\/media?parent=18665"}],"curies":[{"name":"wp","href":"https:\/\/api.w.org\/{rel}","templated":true}]}}