{"id":18477,"date":"2018-12-26T21:13:31","date_gmt":"2018-12-26T20:13:31","guid":{"rendered":"http:\/\/www.it-gymnasium.at\/internationalbilingualclassesde\/?page_id=18477"},"modified":"2022-07-11T21:38:49","modified_gmt":"2022-07-11T19:38:49","slug":"feedback-and-ideas","status":"publish","type":"page","link":"https:\/\/www.it-gymnasium.at\/internationalbilingualclassesde\/home\/feedback-and-ideas\/","title":{"rendered":"FAQs"},"content":{"rendered":"<p><strong>Woher wei\u00df ich, ob der IBC-Zweig das Richtige f\u00fcr mein Kind ist?<\/strong><\/p>\n<p>&nbsp;<\/p>\n<p>Wenn es Freude am Erlernen der englischen Sprache hat, wenn es generell gern lernt, neugierig und interessiert an Neuem ist.<\/p>\n<p>&nbsp;<\/p>\n<p><strong>Mein Kind kann nur wenig Englisch aus der Volkschule. Kann es den IBC-Zweig trotzdem besuchen?<\/strong><\/p>\n<p>&nbsp;<\/p>\n<p>Nat\u00fcrlich. Kenntnisse der englischen Sprache sind nicht Voraussetzung daf\u00fcr, den IBC-Zweig zu besuchen. Es wird ganz von vorne begonnen.<\/p>\n<p>&nbsp;<\/p>\n<p><strong>Wann und wie kann ich mein Kind f\u00fcr den IBC-Zweig anmelden?<\/strong><\/p>\n<p>&nbsp;<\/p>\n<p>Die Anmeldung erfolgt mit der Semesternachricht der 4. Klasse sowie dem Jahreszeugnis der 3. Klasse im Sekretariat. Ein Anmeldeformular ist auszuf\u00fcllen. Das Formular sowie die genauen Termine der dreiw\u00f6chigen Frist finden Sie unter <a href=\"https:\/\/www.it-gymnasium.at\/anmeldung\/\">\u201eTermine\u201c \u2192 \u201eAnmeldung\u201c<\/a>.<\/p>\n<p>&nbsp;<\/p>\n<p><strong>Was passiert beim Aufnahmeverfahren? Muss sich mein Kind darauf vorbereiten?<\/strong><\/p>\n<p>&nbsp;<\/p>\n<p><u><a href=\"https:\/\/www.it-gymnasium.at\/internationalbilingualclassesde\/home\/requirements-for-prospective-applicants\/\">Hier<\/a> <\/u>finden Sie alle Informationen zum Aufnahmeverfahren. Eine spezielle Vorbereitung darauf ist nicht notwendig.<\/p>\n<p>&nbsp;<\/p>\n<p><strong>Wie kann ich mich n\u00e4her \u00fcber den IBC-Zweig informieren?<\/strong><\/p>\n<p>&nbsp;<\/p>\n<p>Die <a href=\"https:\/\/www.it-gymnasium.at\/internationalbilingualclassesde\/home\/die-koordinatorinnen-der-international-bilingual-classes\/\">Koordinatorinnen<\/a> des bilingualen Zweiges stehen Ihnen f\u00fcr zus\u00e4tzliche Fragen gerne zur Verf\u00fcgung.<\/p>\n<p>Die Schule bietet au\u00dferdem jedes Jahr im Januar einen Infoabend an, bei dem Sie und Ihr Kind die Koordinatorinnen, Lehrer:innen und Sch\u00fcler:innen des bilingualen Zweiges treffen k\u00f6nnen.<\/p>\n<p>&nbsp;<\/p>\n<p>&nbsp;<\/p>\n<p><strong>Warum kostet der IBC-Zweig etwas?<\/strong><\/p>\n<p>&nbsp;<\/p>\n<p>Mit Ihrem<a href=\"https:\/\/www.it-gymnasium.at\/internationalbilingualclassesde\/home\/calendar-of-events\/\"> IBCA-Mitgliedsbeitrag<\/a> investieren Sie als Eltern in eine hervorragende zweisprachige Ausbildung Ihrer Kinder. Abgesehen von der Bezahlung der Stunden der Muttersprachler:innen fallen vor allem die Kosten f\u00fcr die Schulb\u00fccher ins Gewicht: F\u00fcr den zweisprachigen Unterricht werden englischsprachige Lehrb\u00fccher, Literatur und Arbeitsmaterialien gebraucht, die nicht von der staatlichen Schulbuchaktion unterst\u00fctzt werden.<\/p>\n<p>&nbsp;<\/p>\n<p><a href=\"https:\/\/www.it-gymnasium.at\/internationalbilingualclassesde\/home\/calendar-of-events\/\">Hier<\/a> finden Sie eine Aufstellung aller Leistungen, die durch Ihren Mitgliedsbeitrag abgedeckt werden.<\/p>\n","protected":false},"excerpt":{"rendered":"<p>Woher wei\u00df ich, ob der IBC-Zweig das Richtige f\u00fcr mein Kind ist? &nbsp; Wenn es Freude am Erlernen der englischen Sprache hat, wenn es generell gern lernt, neugierig und interessiert an Neuem ist. &nbsp; Mein Kind kann nur wenig Englisch aus der Volkschule. Kann es&#8230;<\/p>\n","protected":false},"author":1,"featured_media":0,"parent":10,"menu_order":0,"comment_status":"closed","ping_status":"closed","template":"","meta":{"episode_type":"","audio_file":"","cover_image":"","cover_image_id":"","duration":"","filesize":"","date_recorded":"","explicit":"","block":"","itunes_episode_number":"","itunes_title":"","itunes_season_number":"","itunes_episode_type":"","filesize_raw":"","footnotes":""},"class_list":["post-18477","page","type-page","status-publish","hentry"],"_links":{"self":[{"href":"https:\/\/www.it-gymnasium.at\/internationalbilingualclassesde\/wp-json\/wp\/v2\/pages\/18477","targetHints":{"allow":["GET"]}}],"collection":[{"href":"https:\/\/www.it-gymnasium.at\/internationalbilingualclassesde\/wp-json\/wp\/v2\/pages"}],"about":[{"href":"https:\/\/www.it-gymnasium.at\/internationalbilingualclassesde\/wp-json\/wp\/v2\/types\/page"}],"author":[{"embeddable":true,"href":"https:\/\/www.it-gymnasium.at\/internationalbilingualclassesde\/wp-json\/wp\/v2\/users\/1"}],"replies":[{"embeddable":true,"href":"https:\/\/www.it-gymnasium.at\/internationalbilingualclassesde\/wp-json\/wp\/v2\/comments?post=18477"}],"version-history":[{"count":8,"href":"https:\/\/www.it-gymnasium.at\/internationalbilingualclassesde\/wp-json\/wp\/v2\/pages\/18477\/revisions"}],"predecessor-version":[{"id":18702,"href":"https:\/\/www.it-gymnasium.at\/internationalbilingualclassesde\/wp-json\/wp\/v2\/pages\/18477\/revisions\/18702"}],"up":[{"embeddable":true,"href":"https:\/\/www.it-gymnasium.at\/internationalbilingualclassesde\/wp-json\/wp\/v2\/pages\/10"}],"wp:attachment":[{"href":"https:\/\/www.it-gymnasium.at\/internationalbilingualclassesde\/wp-json\/wp\/v2\/media?parent=18477"}],"curies":[{"name":"wp","href":"https:\/\/api.w.org\/{rel}","templated":true}]}}