{"id":18464,"date":"2018-12-11T13:46:05","date_gmt":"2018-12-11T12:46:05","guid":{"rendered":"http:\/\/www.it-gymnasium.at\/internationalbilingualclassesde\/?page_id=18464"},"modified":"2025-12-21T16:42:13","modified_gmt":"2025-12-21T15:42:13","slug":"ibca","status":"publish","type":"page","link":"https:\/\/www.it-gymnasium.at\/internationalbilingualclassesde\/home\/ibca\/","title":{"rendered":"Der IBCA-Elternverein: International Bilingual Classes Association (IBCA)"},"content":{"rendered":"<p>[vc_row css_animation=&#8220;&#8220; row_type=&#8220;row&#8220; use_row_as_full_screen_section=&#8220;no&#8220; type=&#8220;full_width&#8220; angled_section=&#8220;no&#8220; text_align=&#8220;left&#8220; background_image_as_pattern=&#8220;without_pattern&#8220;][vc_column][vc_column_text]Die International Bilingual Classes Association (IBCA) ist der Verein, der zur Unterst\u00fctzung und Finanzierung des Schulzweigs \u201ebilingualer Unterricht\u201c des BG\/BRG St. Martin, eingerichtet wurde.<\/p>\n<p>&nbsp;<\/p>\n<p>Alle Eltern, deren Kinder den \u201eIBC-Zweig\u201c besuchen, sind ordentliche Mitglieder des IBCA-Unterst\u00fctzungsvereins. Sie stellen die Finanzierung des bilingualen Unterrichts durch ihre Mitgliedsbeitr\u00e4ge sicher.<\/p>\n<p>&nbsp;<\/p>\n<p>Die H\u00f6he der Mitgliedsbeitr\u00e4ge wird j\u00e4hrlich festgelegt, in der Jahreshauptversammlung des IBCA, zu der alle Mitglieder eingeladen werden, vom Vereinsvorstand vorgestellt, zur Abstimmung gebracht und in der Folge den Mitgliedern vorgeschrieben.<\/p>\n<p>&nbsp;<\/p>\n<p>Alle Eltern haben die M\u00f6glichkeit den IBCA-Vorstand zu unterst\u00fctzen und durch ihre aktive Mitarbeit den bilingualen Zweig zu st\u00e4rken. Der IBCA-Vorstand arbeitet eng mit dem bilingualen Team des Gymnasiums zusammen.<\/p>\n<p>&nbsp;<\/p>\n<p>&nbsp;<\/p>\n<p><strong>IBCA-Vorstand<\/strong><\/p>\n<p>&nbsp;<\/p>\n<p>Der aktuelle Vorstand des IBCA setzt sich wie folgt zusammen:[\/vc_column_text][\/vc_column][\/vc_row][vc_row css_animation=&#8220;&#8220; row_type=&#8220;row&#8220; use_row_as_full_screen_section=&#8220;no&#8220; type=&#8220;full_width&#8220; angled_section=&#8220;no&#8220; text_align=&#8220;left&#8220; background_image_as_pattern=&#8220;without_pattern&#8220; css=&#8220;.vc_custom_1545860431963{padding-top: 25px !important;}&#8220;][vc_column width=&#8220;1\/4&#8243;][vc_single_image source=&#8220;external_link&#8220; external_img_size=&#8220;150&#215;150&#8243; alignment=&#8220;center&#8220; external_style=&#8220;vc_box_circle&#8220; onclick=&#8220;img_link_large&#8220; qode_css_animation=&#8220;element_from_fade&#8220; custom_src=&#8220;http:\/\/www.it-gymnasium.at\/internationalbilingualclassesde\/wp-content\/uploads\/sites\/11\/2022\/12\/Joerg_Wilhelm.jpg&#8220;][vc_column_text]<\/p>\n<p style=\"text-align: center;\"><strong>Wilhelm J\u00f6rg<br \/>\nObmann<br \/>\n<\/strong><strong>IBCA<\/strong><\/p>\n<p>[\/vc_column_text][\/vc_column][vc_column width=&#8220;1\/4&#8243;][vc_single_image source=&#8220;external_link&#8220; alignment=&#8220;center&#8220; external_style=&#8220;vc_box_circle&#8220; onclick=&#8220;img_link_large&#8220; qode_css_animation=&#8220;element_from_fade&#8220; custom_src=&#8220;https:\/\/www.it-gymnasium.at\/internationalbilingualclassesassociationde\/wp-content\/uploads\/sites\/12\/2021\/12\/Robin_Hirschl-1-150&#215;150.jpeg&#8220;][vc_column_text]<\/p>\n<p style=\"text-align: center;\"><strong>Robin Hirschl<br \/>\nKassier<br \/>\n<\/strong><\/p>\n<p style=\"text-align: center;\"><strong>IBCA<\/strong><\/p>\n<p>[\/vc_column_text][\/vc_column][vc_column width=&#8220;1\/4&#8243;][vc_single_image source=&#8220;external_link&#8220; alignment=&#8220;center&#8220; external_style=&#8220;vc_box_circle&#8220; onclick=&#8220;img_link_large&#8220; qode_css_animation=&#8220;element_from_fade&#8220; custom_src=&#8220;https:\/\/www.it-gymnasium.at\/internationalbilingualclassesassociationde\/wp-content\/uploads\/sites\/12\/2021\/12\/Sabrina_Geigenberger-1-150&#215;150.jpeg&#8220;][vc_column_text]<\/p>\n<p style=\"text-align: center;\"><strong>Sabrina Geigenberger<\/strong><br \/>\n<strong>Schriftf\u00fchrerin IBCA<\/strong><\/p>\n<p>[\/vc_column_text][\/vc_column][vc_column width=&#8220;1\/4&#8243;][vc_single_image source=&#8220;external_link&#8220; external_img_size=&#8220;150&#215;150&#8243; alignment=&#8220;center&#8220; external_style=&#8220;vc_box_circle&#8220; onclick=&#8220;img_link_large&#8220; qode_css_animation=&#8220;element_from_fade&#8220; custom_src=&#8220;http:\/\/www.it-gymnasium.at\/internationalbilingualclasses\/wp-content\/uploads\/sites\/7\/2023\/12\/DanielSommer.jpeg&#8220;][vc_column_text]<\/p>\n<p style=\"text-align: center;\"><strong>Daniel Sommer<br \/>\nRechnungspr\u00fcfer<br \/>\n<\/strong><strong>IBCA<\/strong><\/p>\n<p>[\/vc_column_text][\/vc_column][\/vc_row][vc_row css_animation=&#8220;&#8220; row_type=&#8220;row&#8220; use_row_as_full_screen_section=&#8220;no&#8220; type=&#8220;full_width&#8220; angled_section=&#8220;no&#8220; text_align=&#8220;left&#8220; background_image_as_pattern=&#8220;without_pattern&#8220; css=&#8220;.vc_custom_1545861013379{padding-top: 25px !important;}&#8220;][vc_column width=&#8220;1\/4&#8243;][vc_single_image source=&#8220;external_link&#8220; alignment=&#8220;center&#8220; external_style=&#8220;vc_box_circle&#8220; onclick=&#8220;img_link_large&#8220; qode_css_animation=&#8220;element_from_fade&#8220; custom_src=&#8220;https:\/\/www.it-gymnasium.at\/internationalbilingualclassesassociationde\/wp-content\/uploads\/sites\/12\/2021\/12\/Sonia_Pichler-1-150&#215;150.jpeg&#8220;][vc_column_text]<\/p>\n<p style=\"text-align: center;\"><strong>Sonia Pichler<br \/>\nObmann Stellvertreterin IBCA<\/strong><\/p>\n<p>[\/vc_column_text][\/vc_column][vc_column width=&#8220;1\/4&#8243;][vc_single_image source=&#8220;external_link&#8220; external_img_size=&#8220;150&#215;150&#8243; alignment=&#8220;center&#8220; external_style=&#8220;vc_box_circle&#8220; onclick=&#8220;img_link_large&#8220; qode_css_animation=&#8220;element_from_fade&#8220; custom_src=&#8220;http:\/\/www.it-gymnasium.at\/internationalbilingualclassesde\/wp-content\/uploads\/sites\/11\/2022\/12\/Lopez_Maria.jpg&#8220;][vc_column_text]<\/p>\n<p style=\"text-align: center;\"><strong>Maria Lopez<br \/>\nKassier Stellvertreterin IBCA<\/strong><\/p>\n<p>[\/vc_column_text][\/vc_column][vc_column width=&#8220;1\/4&#8243;][vc_single_image source=&#8220;external_link&#8220; alignment=&#8220;center&#8220; external_style=&#8220;vc_box_circle&#8220; onclick=&#8220;img_link_large&#8220; qode_css_animation=&#8220;element_from_fade&#8220; custom_src=&#8220;https:\/\/www.it-gymnasium.at\/internationalbilingualclasses\/wp-content\/uploads\/sites\/7\/2023\/12\/Jasmine_Blaschitz-150&#215;150.jpg&#8220;][vc_column_text]<\/p>\n<p style=\"text-align: center;\"><strong>Jasmine Blaschitz<br \/>\nStellvertrende Schriftf\u00fchrerin<br \/>\nIBCA<\/strong><\/p>\n<p>[\/vc_column_text][\/vc_column][vc_column width=&#8220;1\/4&#8243;][vc_single_image source=&#8220;external_link&#8220; external_img_size=&#8220;150&#215;150&#8243; alignment=&#8220;center&#8220; external_style=&#8220;vc_box_circle&#8220; onclick=&#8220;img_link_large&#8220; qode_css_animation=&#8220;element_from_fade&#8220; custom_src=&#8220;http:\/\/www.it-gymnasium.at\/internationalbilingualclasses\/wp-content\/uploads\/sites\/7\/2023\/12\/HaraldFreunschlag.jpg&#8220;][vc_column_text]<\/p>\n<p style=\"text-align: center;\"><strong>Harald Freunschlag<br \/>\nRechnungspr\u00fcfer<br \/>\nIBCA<\/strong><\/p>\n<p>[\/vc_column_text][\/vc_column][\/vc_row][vc_column][\/vc_column][vc_row css_animation=&#8220;&#8220; row_type=&#8220;row&#8220; use_row_as_full_screen_section=&#8220;no&#8220; type=&#8220;full_width&#8220; angled_section=&#8220;no&#8220; text_align=&#8220;left&#8220; background_image_as_pattern=&#8220;without_pattern&#8220; css=&#8220;.vc_custom_1711094928907{padding-top: 15px !important;padding-bottom: 20px !important;}&#8220;][vc_column][vc_column_text]Alle von uns haben mindestens ein Kind im bilingualen Zweig. Wir sind von diesem Programm begeistert und davon \u00fcberzeugt, dass unseren Kindern eine hervorragende Ausbildung zuteil wird.<\/p>\n<p>&nbsp;<\/p>\n<p>Was die Besonderheit des IBC-Zweiges und die hohe Qualit\u00e4t dieser Ausbildung ausmacht, ist das au\u00dferordentliche Engagement aller daran Beteiligten: der Lehrer:innen und Koordinatorinnen auf Schulseite, der Muttersprachler:innen sowie der Kinder und Eltern auf der anderen Seite.<\/p>\n<p>&nbsp;<\/p>\n<p>Wir sehen die Aufgabe des IBCA-Vorstands in der Unterst\u00fctzung der Kinder, der Muttersprachler:innen sowie der Lehrer:innen und Koordinatorinnen des bilingualen Zweiges \u2013 und zwar nicht allein durch die Sicherstellung der finanziellen Mittel, sondern auch durch die Schaffung einer guten Kommunikationsbasis und eines vertrauens- und freudvollen Arbeits- und Lernumfeldes.<\/p>\n<p>&nbsp;<\/p>\n<p>Jede(r) von uns m\u00f6chte seinen Beitrag dazu leisten.<\/p>\n<p>&nbsp;<\/p>\n<p>&nbsp;<\/p>\n<p><strong>IBC-Leistungsumfang<\/strong><\/p>\n<p>&nbsp;<\/p>\n<p>Mit Ihrem IBCA-Mitgliedsbeitrag investieren Sie als Eltern in eine hervorragende zweisprachige Ausbildung Ihrer Kinder. Folgende Leistungen im bilingualen Zweig erhalten Sie f\u00fcr weniger als 2,50 \u20ac pro Schultag:<\/p>\n<p>&nbsp;<\/p>\n<ul>\n<li>Zus\u00e4tzliches Lehrpersonal mit Muttersprache Englisch: unsere Muttersprachler:innen mit Universit\u00e4tsabschl\u00fcssen in Geistes- oder Naturwissenschaften<\/li>\n<\/ul>\n<p>&nbsp;<\/p>\n<ul>\n<li>Englischsprachige Lehrmaterialien<\/li>\n<\/ul>\n<p>F\u00fcr den zweisprachigen Unterricht werden englischsprachige Lehrb\u00fccher, Literatur und Arbeitsmaterialien gebraucht, die nicht von der staatlichen Schulbuchaktion unterst\u00fctzt werden.<\/p>\n<p>&nbsp;<\/p>\n<ul>\n<li>Zusatzkurse<\/li>\n<\/ul>\n<p>Folgende Zusatzkurse werden von den Muttersprachler:innen angeboten:<\/p>\n<ul>\n<li>F\u00fcr die ersten Klassen: \u201eGames and role play\u201c<\/li>\n<li>F\u00fcr die zweiten Klassen: \u201eFun with English\u201d<\/li>\n<li>F\u00fcr die dritten Klassen: \u201eLet\u2019s do drama!\u201d<\/li>\n<li>F\u00fcr die vierten Klassen: \u201eLet\u2019s do more drama!\u201d<\/li>\n<\/ul>\n<p>&nbsp;<\/p>\n<p>N\u00e4here Informationen zu den einzelnen Kursen sind <a href=\"https:\/\/www.it-gymnasium.at\/internationalbilingualclassesde\/home\/ibc-extrakurse\/\"><u>hier (IBC-Extrakurse) <\/u><\/a>zu finden.<\/p>\n<p>&nbsp;<\/p>\n<ul>\n<li>Mitfinanzierung der Cambridge Certificates<\/li>\n<\/ul>\n<p>&nbsp;<\/p>\n<p>Der IBCA finanziert die Muttersprachler:innen, die die Sch\u00fcler:innen gemeinsam mit den Lehrkr\u00e4ften auf die Pr\u00fcfung vorbereiten. Weiters werden die B\u00fccher sowie die H\u00e4lfte der Pr\u00fcfungsgeb\u00fchren bezahlt.<\/p>\n<p>&nbsp;<\/p>\n<ul>\n<li>Spezifische Projekte und Aktivit\u00e4ten f\u00fcr die bilingualen Klassen<\/li>\n<\/ul>\n<p>&nbsp;<\/p>\n<p>Wir bieten spezifische Projekte f\u00fcr die Sch\u00fcler:innen des bilingualen Zweigs, unter anderem Wettbewerbe, die durch Organisationen wie Infineon und LAM Research sowie durch die Fachhochschule Villach gef\u00f6rdert werden.<\/p>\n<p>&nbsp;<\/p>\n<p>&nbsp;<\/p>\n<p><strong>IBCA-Mitgliedsbeitrag<\/strong><\/p>\n<p>&nbsp;<\/p>\n<p>Der aktuelle j\u00e4hrliche Mitgliedsbeitrag betr\u00e4gt 525,- Euro.<\/p>\n<p>&nbsp;<\/p>\n<p>Bankverbindung IBCA:<\/p>\n<p>Volksbank K\u00e4rnten, IBAN: AT62 4213 0901 0026 5082, BIC: VBOEATWWKLA<\/p>\n<p>Bei Zahlungen bitte Nachname, Vorname und Klasse des Kindes angeben.<\/p>\n<p>&nbsp;<\/p>\n<p>&nbsp;<\/p>\n<p><strong>IBC-Zweig f\u00fcr jedes Kind<\/strong><\/p>\n<p>&nbsp;<\/p>\n<p>Uns liegt am Herzen, dass jedes Kind, das sich f\u00fcr den IBC-Zweig interessiert und daf\u00fcr geeignet ist, diesen auch besuchen kann.<\/p>\n<p>&nbsp;<\/p>\n<p>Sollte der j\u00e4hrliche Mitgliedsbeitrag Ihre finanziellen M\u00f6glichkeiten \u00fcbersteigen, ersuchen wir um Kontaktaufnahme unter <a href=\"mailto:chair@ibca-villach.at\" target=\"_blank\" rel=\"noopener\">chair@ibca-villach.at<\/a>. Wir behandeln Ihr Anliegen vertraulich und versuchen, gemeinsam eine L\u00f6sung zu finden.<\/p>\n<p>&nbsp;<\/p>\n<p>Sollten Sie bereit sein, einem Kind, das sonst nicht die Chance dazu h\u00e4tte, den Besuch des bilingualen Zweiges zu erm\u00f6glichen, sind wir sehr dankbar, wenn Sie eine Patenschaft \u00fcbernehmen m\u00f6chten.<\/p>\n<p>&nbsp;<\/p>\n<p>&nbsp;<\/p>\n<p><strong>Kontakt <\/strong><\/p>\n<p>&nbsp;<\/p>\n<p>Wir stehen f\u00fcr W\u00fcnsche, Anregungen und auch Beschwerden jederzeit unter <a href=\"mailto:ibca@ibca-villach.at\">ibca@ibca-villach.at<\/a> zur Verf\u00fcgung.<\/p>\n<p>&nbsp;<\/p>\n<p>&nbsp;<\/p>\n<p><strong>Rechtliches<\/strong><\/p>\n<ul>\n<li><a href=\"http:\/\/www.it-gymnasium.at\/internationalbilingualclassesde\/wp-content\/uploads\/sites\/11\/2024\/03\/202310_IBCA_Statuten_FINAL.pdf\" target=\"_blank\" rel=\"noopener noreferrer\">Statuten<\/a><\/li>\n<li><a href=\"http:\/\/www.it-gymnasium.at\/internationalbilingualclasses\/wp-content\/uploads\/sites\/7\/2023\/12\/Registerauszug_202312112226.pdf\" target=\"_blank\" rel=\"noopener\">Vereinsregisterauszug<\/a><\/li>\n<\/ul>\n<p>[\/vc_column_text][\/vc_column][\/vc_row]<\/p>\n","protected":false},"excerpt":{"rendered":"<p>[vc_row css_animation=&#8220;&#8220; row_type=&#8220;row&#8220; use_row_as_full_screen_section=&#8220;no&#8220; type=&#8220;full_width&#8220; angled_section=&#8220;no&#8220; text_align=&#8220;left&#8220; background_image_as_pattern=&#8220;without_pattern&#8220;][vc_column][vc_column_text]Die International Bilingual Classes Association (IBCA) ist der Verein, der zur Unterst\u00fctzung und Finanzierung des Schulzweigs \u201ebilingualer Unterricht\u201c des BG\/BRG St. Martin, eingerichtet wurde. &nbsp; Alle Eltern, deren Kinder den \u201eIBC-Zweig\u201c besuchen, sind ordentliche Mitglieder des IBCA-Unterst\u00fctzungsvereins. Sie&#8230;<\/p>\n","protected":false},"author":1,"featured_media":0,"parent":10,"menu_order":0,"comment_status":"closed","ping_status":"closed","template":"","meta":{"episode_type":"","audio_file":"","cover_image":"","cover_image_id":"","duration":"","filesize":"","date_recorded":"","explicit":"","block":"","itunes_episode_number":"","itunes_title":"","itunes_season_number":"","itunes_episode_type":"","filesize_raw":"","footnotes":""},"class_list":["post-18464","page","type-page","status-publish","hentry"],"_links":{"self":[{"href":"https:\/\/www.it-gymnasium.at\/internationalbilingualclassesde\/wp-json\/wp\/v2\/pages\/18464","targetHints":{"allow":["GET"]}}],"collection":[{"href":"https:\/\/www.it-gymnasium.at\/internationalbilingualclassesde\/wp-json\/wp\/v2\/pages"}],"about":[{"href":"https:\/\/www.it-gymnasium.at\/internationalbilingualclassesde\/wp-json\/wp\/v2\/types\/page"}],"author":[{"embeddable":true,"href":"https:\/\/www.it-gymnasium.at\/internationalbilingualclassesde\/wp-json\/wp\/v2\/users\/1"}],"replies":[{"embeddable":true,"href":"https:\/\/www.it-gymnasium.at\/internationalbilingualclassesde\/wp-json\/wp\/v2\/comments?post=18464"}],"version-history":[{"count":24,"href":"https:\/\/www.it-gymnasium.at\/internationalbilingualclassesde\/wp-json\/wp\/v2\/pages\/18464\/revisions"}],"predecessor-version":[{"id":18991,"href":"https:\/\/www.it-gymnasium.at\/internationalbilingualclassesde\/wp-json\/wp\/v2\/pages\/18464\/revisions\/18991"}],"up":[{"embeddable":true,"href":"https:\/\/www.it-gymnasium.at\/internationalbilingualclassesde\/wp-json\/wp\/v2\/pages\/10"}],"wp:attachment":[{"href":"https:\/\/www.it-gymnasium.at\/internationalbilingualclassesde\/wp-json\/wp\/v2\/media?parent=18464"}],"curies":[{"name":"wp","href":"https:\/\/api.w.org\/{rel}","templated":true}]}}