{"id":18447,"date":"2018-12-11T09:04:51","date_gmt":"2018-12-11T08:04:51","guid":{"rendered":"http:\/\/www.it-gymnasium.at\/internationalbilingualclassesde\/?page_id=18447"},"modified":"2025-11-21T11:41:53","modified_gmt":"2025-11-21T10:41:53","slug":"ibc-muttersprachlerinnen","status":"publish","type":"page","link":"https:\/\/www.it-gymnasium.at\/internationalbilingualclassesde\/home\/ibc-muttersprachlerinnen\/","title":{"rendered":"Die IBC-Muttersprachler:innen"},"content":{"rendered":"<p>[vc_row css_animation=&#8220;&#8220; row_type=&#8220;row&#8220; use_row_as_full_screen_section=&#8220;no&#8220; type=&#8220;full_width&#8220; angled_section=&#8220;no&#8220; text_align=&#8220;left&#8220; background_image_as_pattern=&#8220;without_pattern&#8220; css=&#8220;.vc_custom_1667926883911{padding-bottom: 20px !important;}&#8220;][vc_column width=&#8220;1\/2&#8243;][vc_single_image image=&#8220;18979&#8243; img_size=&#8220;large&#8220; onclick=&#8220;link_image&#8220; qode_css_animation=&#8220;element_from_left&#8220; qode_hover_animation=&#8220;zoom_in&#8220;][\/vc_column][vc_column width=&#8220;1\/2&#8243;][vc_column_text css=&#8220;.vc_custom_1657566741496{margin-bottom: 20px !important;}&#8220;]Unser erfahrenes Muttersprachler:innen -Team bringt eine Vielzahl an bedeutsamen akademischen F\u00e4higkeiten, professionellen Kompetenzen sowie grundlegenden Fertigkeiten in ihre Rollen mit, und sie verf\u00fcgen \u00fcber Universit\u00e4tsabschl\u00fcsse in den Geistes- und Naturwissenschaften von britischen, amerikanischen, neuseel\u00e4ndischen und \u00f6sterreichischen Universit\u00e4ten.[\/vc_column_text][\/vc_column][\/vc_row][vc_row css_animation=&#8220;&#8220; row_type=&#8220;row&#8220; use_row_as_full_screen_section=&#8220;no&#8220; type=&#8220;full_width&#8220; angled_section=&#8220;no&#8220; text_align=&#8220;left&#8220; background_image_as_pattern=&#8220;without_pattern&#8220; css=&#8220;.vc_custom_1645452835169{border-bottom-width: 20px !important;padding-top: 20px !important;}&#8220;][vc_column width=&#8220;2\/3&#8243;][vc_column_text]<u>Andrea Foster<\/u><\/p>\n<p>Andrea ist im Norden Englands in der N\u00e4he von York geboren und absolvierte dort auch ihre Ausbildung. Sie hat den Abschluss ihres Betriebswirtschaftsstudiums (Bachelor of Arts, Honours) mit Auszeichnung an der Universit\u00e4t von Sheffield erworben und verf\u00fcgt auch \u00fcber eine TEFL-Qualifikation (Teaching English as a Foreign Language &#8211; Englisch als Fremdsprache lehren). Sie lebt seit 20 Jahren in \u00d6sterreich und ist seit Dezember 2012 Teil des Native-Speaker-Teams von St. Martin. Sie unterst\u00fctzt den Unterricht in den F\u00e4chern Englisch, Geschichte, Geographie, BE und Musik. \u201eGames and Roleplay\u201c ist der Konversationskurs, der von Andrea als zus\u00e4tzliche freiwillige Stunde in der 1. Schulstufe unseres Gymnasiums angeboten wird. Dort verbringen sie die Zeit damit, verschiedene englischsprachige Spiele zu spielen und \u00fcber Themen zu sprechen, die sie interessieren &#8211; auf Englisch nat\u00fcrlich![\/vc_column_text][\/vc_column][vc_column width=&#8220;1\/3&#8243; css=&#8220;.vc_custom_1545855755003{padding-top: 20px !important;}&#8220;][vc_single_image source=&#8220;external_link&#8220; external_style=&#8220;vc_box_rounded&#8220; onclick=&#8220;link_image&#8220; qode_css_animation=&#8220;element_from_left&#8220; qode_hover_animation=&#8220;zoom_in&#8220; custom_src=&#8220;https:\/\/www.it-gymnasium.at\/wp-content\/uploads\/2017\/10\/Foster-Andrea-1718-150&#215;150.jpg&#8220;][\/vc_column][\/vc_row][vc_row css_animation=&#8220;&#8220; row_type=&#8220;row&#8220; use_row_as_full_screen_section=&#8220;no&#8220; type=&#8220;full_width&#8220; angled_section=&#8220;no&#8220; text_align=&#8220;left&#8220; background_image_as_pattern=&#8220;without_pattern&#8220; css=&#8220;.vc_custom_1544516265921{margin-top: 20px !important;margin-bottom: 20px !important;}&#8220;][vc_column width=&#8220;2\/3&#8243;][vc_column_text]<u>Jitske Kretz:<\/u><\/p>\n<p>In den Niederlanden geboren, wuchs Jitske in Neuseeland auf. Sie studierte Chemie- und Verfahrenstechnik an der Canterbury University, Christchurch, Neuseeland. Im letzten Jahr ihres Bachelorstudiums absolvierte sie ein Auslandsjahr als Studentin der Purdue University in Indiana, USA. Nach ihrem Abschluss zog sie ins Silicon Valley, Kalifornien, wo sie f\u00fcr einen Hersteller f\u00fcr Halbleiterbauteile, zuerst als Customer Process Engineer und dann im Technischen Marketing arbeitete. Nach der Geburt ihrer beiden T\u00f6chter widmete sie sich voll und ganz der Familie. 2010 zogen sie nach Villach, wo ihr Mann zun\u00e4chst mit einem Expat-Vertrag bei der Firma Lam Research angestellt war. Da sie sehr gerne hier leben, entschieden sie sich im Jahr 2012 in Villach sesshaft zu werden und ihr Mann nahm einen unbefristeten Dienstvertrag an. Sie bietet Englischnachhilfe f\u00fcr Fl\u00fcchtlinge \u00fcber die Organisation PIVA an. Jitske wurde 2022 Teil unseres Native Speakers Teams und unterst\u00fctzt die Lehrkr\u00e4fte im Biologie-, Informatik- und Chemieunterricht.[\/vc_column_text][\/vc_column][vc_column width=&#8220;1\/3&#8243;][vc_single_image image=&#8220;18714&#8243; onclick=&#8220;link_image&#8220; qode_css_animation=&#8220;element_from_left&#8220; qode_hover_animation=&#8220;zoom_in&#8220;][\/vc_column][\/vc_row][vc_row css_animation=&#8220;&#8220; row_type=&#8220;row&#8220; use_row_as_full_screen_section=&#8220;no&#8220; type=&#8220;full_width&#8220; angled_section=&#8220;no&#8220; text_align=&#8220;left&#8220; background_image_as_pattern=&#8220;without_pattern&#8220; css=&#8220;.vc_custom_1544516265921{margin-top: 20px !important;margin-bottom: 20px !important;}&#8220;][vc_column width=&#8220;2\/3&#8243;][vc_column_text]<u>Erin Ogden:<\/u><\/p>\n<p>Erin was born and raised in New Jersey, USA. She has a Bachelor of Arts in both English and Spanish from North Carolina State University as well a Bachelor of Science and a Master of Science in Nursing from New York University. Erin worked as a nurse and then as a nurse practitioner at university medical hospitals in New York City and Durham, NC. In 2014, she moved with her husband and two children to Freiburg, Germany and became a full-time mom. Then, in 2021, the family moved again, and Villach became home. Erin joined the Bilingual Education Assistant team in 2025. She can be found supporting multiple subjects in the bilingual classes, particularly Biology and Advanced English.[\/vc_column_text][\/vc_column][vc_column width=&#8220;1\/3&#8243;][vc_single_image image=&#8220;18978&#8243; onclick=&#8220;link_image&#8220; qode_css_animation=&#8220;element_from_left&#8220; qode_hover_animation=&#8220;zoom_in&#8220;][\/vc_column][\/vc_row][vc_row css_animation=&#8220;&#8220; row_type=&#8220;row&#8220; use_row_as_full_screen_section=&#8220;no&#8220; type=&#8220;full_width&#8220; angled_section=&#8220;no&#8220; text_align=&#8220;left&#8220; background_image_as_pattern=&#8220;without_pattern&#8220; css=&#8220;.vc_custom_1544516265921{margin-top: 20px !important;margin-bottom: 20px !important;}&#8220;][vc_column width=&#8220;2\/3&#8243;][vc_column_text]<u>Jane Nitsche:<\/u><\/p>\n<p>Jane kommt aus den USA und arbeitet bereits seit 15 Jahren in St. Martin. In dieser Zeit war sie in vielen F\u00e4chern t\u00e4tig, unter anderem Englisch, Advanced English (einem Vorbereitungskurs auf die Pr\u00fcfung f\u00fcr das Cambridge Advanced English Zertifikat), Geographie, Geschichte und Musik. Sie hat einen Bachelor-Abschluss von der Universit\u00e4t von Pennsylvania sowie einen Abschluss in Rechtswissenschaften von Rutgers University in den USA erhalten. Sie ist sehr stolz auf den Erfolg, den unsere Sch\u00fclerInnen im Bereich ihrer Sprachkenntnisse verzeichnen, die sich bis zur Matura fast auf dem Niveau von Muttersprachlern ausdr\u00fccken k\u00f6nnen. Sie schreibt den Erfolg des Programms der langen Erfahrung, dem unerm\u00fcdlichen Engagement, vor allem aber der engen Zusammenarbeit zu. Das beste an der t\u00e4glichen Arbeit ist f\u00fcr sie jedoch der Kontakt mit den Sch\u00fclerInnen. Sie halten uns alle jung, helfen uns, \u00fcber das Weltgeschehen gut informiert zu bleiben und sind einfach eine unersch\u00f6pfliche Quelle der Freude.[\/vc_column_text][\/vc_column][vc_column width=&#8220;1\/3&#8243;][vc_single_image source=&#8220;external_link&#8220; external_img_size=&#8220;150&#215;225&#8243; external_style=&#8220;vc_box_rounded&#8220; onclick=&#8220;link_image&#8220; qode_css_animation=&#8220;element_from_left&#8220; qode_hover_animation=&#8220;zoom_in&#8220; custom_src=&#8220;https:\/\/www.it-gymnasium.at\/wp-content\/uploads\/2014\/11\/Nitsche-200&#215;300.jpg&#8220;][\/vc_column][\/vc_row][vc_row css_animation=&#8220;&#8220; row_type=&#8220;row&#8220; use_row_as_full_screen_section=&#8220;no&#8220; type=&#8220;full_width&#8220; angled_section=&#8220;no&#8220; text_align=&#8220;left&#8220; background_image_as_pattern=&#8220;without_pattern&#8220;][vc_column width=&#8220;2\/3&#8243;][vc_column_text]<u>Lisa Wagner-Calnan<\/u>:<\/p>\n<p>Lisa wurde in Cardiff, Wales geboren und ist auch dort aufgewachsen. Sie besuchte eine Privatschule f\u00fcr M\u00e4dchen, bevor sie sich mit 18 kurzerhand entschied, nach Graz, \u00d6sterreich zu ziehen. Sie arbeitete einige Jahre als Au-Pair-M\u00e4dchen, bevor sie zu Bildung zur\u00fcckkehrte. Im Jahr 2004 schloss sie ihr Studium der \u00dcbersetzungswissenschaften als Mag. phil. f\u00fcr die Sprachen Deutsch, Englisch und Italienisch ab und verf\u00fcgt au\u00dferdem auch \u00fcber eine TEFL-Qualifikation (Teaching English as a Foreign Language &#8211; Englisch als Fremdsprache lehren). Im Jahr 2003 gr\u00fcndete sie ihre eigene \u00dcbersetzungsfirma. Im Jahr 2003 gr\u00fcndete sie ihre eigene \u00dcbersetzungsfirma. Sie lebt seit 5 Jahren in Villach mit ihrem \u00f6sterreichischen Mann, den sie w\u00e4hrend ihres Studiums in Graz kennen lernte, und ihren 2 Kindern. Sie ist seit 2017 Teil des Teams in St. Martin und LIEBT es, zusammen mit vielen engagierten LehrerInnen und hoch motivierten Kindern zu arbeiten, und unterst\u00fctzt den Unterricht in der Schule in einigen unterschiedlichen F\u00e4chern. \u201eLet&#8217;s do Drama\u201c bzw. \u201cLet&#8217;s do more Drama\u201d sind die Konversationskurse, die von Lisa als zus\u00e4tzliche freiwillige Stunden in der 3. bzw. 4. Schulstufe unseres Gymnasiums angeboten werden.[\/vc_column_text][\/vc_column][vc_column width=&#8220;1\/3&#8243;][vc_single_image image=&#8220;18976&#8243; img_size=&#8220;150&#215;225&#8243; style=&#8220;vc_box_rounded&#8220; onclick=&#8220;link_image&#8220; qode_css_animation=&#8220;element_from_left&#8220; qode_hover_animation=&#8220;zoom_in&#8220;][\/vc_column][\/vc_row][vc_row css_animation=&#8220;&#8220; row_type=&#8220;row&#8220; use_row_as_full_screen_section=&#8220;no&#8220; type=&#8220;full_width&#8220; angled_section=&#8220;no&#8220; text_align=&#8220;left&#8220; background_image_as_pattern=&#8220;without_pattern&#8220; css=&#8220;.vc_custom_1731960163948{padding-top: 15px !important;}&#8220;][vc_column width=&#8220;2\/3&#8243;][vc_column_text]<u>Oliver White<\/u>:<\/p>\n<p>Mein Name ist Oliver White und komme aus Halifax, England. Ich habe einen Bachelor-Abschluss in Geografie an der University of Manchester mit einem Auslandsjahr an der Universit\u00e4t Osnabr\u00fcck in Deutschland gemacht. Da ich mein hart erk\u00e4mpftes Sprachkenntnis nicht verlieren wollte, habe ich dann einen europ\u00e4ischen Master in Global Studies begonnen, der mich nach Leipzig und dann nach Wien f\u00fchrte. Nach meinem Master habe ich in Wien als Native Speaker Lehrer gearbeitet, Englisch in einem Fl\u00fcchtlingsbildungszentrum unterrichtet und nebenbei ein bisschen Fu\u00dfball gecoached. Jetzt habe ich mich in Klagenfurt niedergelassen und man kann nur raten, welches Eishockeyteam ich letztendlich unterst\u00fctzen werde[\/vc_column_text][\/vc_column][vc_column width=&#8220;1\/3&#8243;][vc_single_image source=&#8220;external_link&#8220; onclick=&#8220;link_image&#8220; qode_css_animation=&#8220;element_from_left&#8220; qode_hover_animation=&#8220;zoom_in&#8220; custom_src=&#8220;https:\/\/www.it-gymnasium.at\/wp-content\/uploads\/2024\/09\/White_Oliver_24_25-150&#215;150.jpg&#8220;][\/vc_column][\/vc_row][vc_row css_animation=&#8220;&#8220; row_type=&#8220;row&#8220; use_row_as_full_screen_section=&#8220;no&#8220; type=&#8220;full_width&#8220; angled_section=&#8220;no&#8220; text_align=&#8220;left&#8220; background_image_as_pattern=&#8220;without_pattern&#8220; css=&#8220;.vc_custom_1731960169644{padding-top: 15px !important;}&#8220;][vc_column width=&#8220;2\/3&#8243;][vc_column_text]<u>Devmini Malka Wijeratne<\/u>:<\/p>\n<p>Malka was born and raised in Colombo, Sri Lanka. At the age of 18 she moved to Sheffield, England where she completed her Bachelor\u2019s in Archaeology and History at the University of Sheffield and obtained her Master\u2019s in Archaeology at the same University. She is currently working on her Doctorate in Ancient History and Archaeology through a cotutelle program organized by the Karl-Franzens-Universit\u00e4t in Graz and the University of Erfurt in Germany where she met her husband. She joined BG\/BRG St. Martin in October 2024 and assists in Handwork and Design, Information Technology and History lessons.[\/vc_column_text][\/vc_column][vc_column width=&#8220;1\/3&#8243;][vc_single_image image=&#8220;18975&#8243; img_size=&#8220;150&#215;225&#8243; style=&#8220;vc_box_rounded&#8220; onclick=&#8220;link_image&#8220; qode_css_animation=&#8220;element_from_left&#8220; qode_hover_animation=&#8220;zoom_in&#8220;][\/vc_column][\/vc_row]<\/p>\n","protected":false},"excerpt":{"rendered":"<p>[vc_row css_animation=&#8220;&#8220; row_type=&#8220;row&#8220; use_row_as_full_screen_section=&#8220;no&#8220; type=&#8220;full_width&#8220; angled_section=&#8220;no&#8220; text_align=&#8220;left&#8220; background_image_as_pattern=&#8220;without_pattern&#8220; css=&#8220;.vc_custom_1667926883911{padding-bottom: 20px !important;}&#8220;][vc_column width=&#8220;1\/2&#8243;][vc_single_image image=&#8220;18979&#8243; img_size=&#8220;large&#8220; onclick=&#8220;link_image&#8220; qode_css_animation=&#8220;element_from_left&#8220; qode_hover_animation=&#8220;zoom_in&#8220;][\/vc_column][vc_column width=&#8220;1\/2&#8243;][vc_column_text css=&#8220;.vc_custom_1657566741496{margin-bottom: 20px !important;}&#8220;]Unser erfahrenes Muttersprachler:innen -Team bringt eine Vielzahl an bedeutsamen akademischen F\u00e4higkeiten, professionellen Kompetenzen sowie grundlegenden Fertigkeiten in ihre Rollen mit, und sie verf\u00fcgen \u00fcber Universit\u00e4tsabschl\u00fcsse&#8230;<\/p>\n","protected":false},"author":1,"featured_media":0,"parent":10,"menu_order":0,"comment_status":"closed","ping_status":"closed","template":"","meta":{"episode_type":"","audio_file":"","cover_image":"","cover_image_id":"","duration":"","filesize":"","date_recorded":"","explicit":"","block":"","itunes_episode_number":"","itunes_title":"","itunes_season_number":"","itunes_episode_type":"","filesize_raw":"","footnotes":""},"class_list":["post-18447","page","type-page","status-publish","hentry"],"_links":{"self":[{"href":"https:\/\/www.it-gymnasium.at\/internationalbilingualclassesde\/wp-json\/wp\/v2\/pages\/18447","targetHints":{"allow":["GET"]}}],"collection":[{"href":"https:\/\/www.it-gymnasium.at\/internationalbilingualclassesde\/wp-json\/wp\/v2\/pages"}],"about":[{"href":"https:\/\/www.it-gymnasium.at\/internationalbilingualclassesde\/wp-json\/wp\/v2\/types\/page"}],"author":[{"embeddable":true,"href":"https:\/\/www.it-gymnasium.at\/internationalbilingualclassesde\/wp-json\/wp\/v2\/users\/1"}],"replies":[{"embeddable":true,"href":"https:\/\/www.it-gymnasium.at\/internationalbilingualclassesde\/wp-json\/wp\/v2\/comments?post=18447"}],"version-history":[{"count":67,"href":"https:\/\/www.it-gymnasium.at\/internationalbilingualclassesde\/wp-json\/wp\/v2\/pages\/18447\/revisions"}],"predecessor-version":[{"id":18981,"href":"https:\/\/www.it-gymnasium.at\/internationalbilingualclassesde\/wp-json\/wp\/v2\/pages\/18447\/revisions\/18981"}],"up":[{"embeddable":true,"href":"https:\/\/www.it-gymnasium.at\/internationalbilingualclassesde\/wp-json\/wp\/v2\/pages\/10"}],"wp:attachment":[{"href":"https:\/\/www.it-gymnasium.at\/internationalbilingualclassesde\/wp-json\/wp\/v2\/media?parent=18447"}],"curies":[{"name":"wp","href":"https:\/\/api.w.org\/{rel}","templated":true}]}}