{"id":18443,"date":"2018-12-11T09:01:21","date_gmt":"2018-12-11T08:01:21","guid":{"rendered":"http:\/\/www.it-gymnasium.at\/internationalbilingualclassesde\/?page_id=18443"},"modified":"2025-12-23T08:17:01","modified_gmt":"2025-12-23T07:17:01","slug":"requirements-for-prospective-applicants","status":"publish","type":"page","link":"https:\/\/www.it-gymnasium.at\/internationalbilingualclassesde\/home\/requirements-for-prospective-applicants\/","title":{"rendered":"Aufnahme in den IBC-Zweig"},"content":{"rendered":"<h3><strong>Anmeldung<\/strong><\/h3>\n<p>&nbsp;<\/p>\n<p>Die Anmeldung zum IBC-Zweig erfolgt j\u00e4hrlich mit der Semesternachricht. Die Anmeldefrist betr\u00e4gt drei Wochen nach Erhalt der Semesternachricht.<\/p>\n<p><strong>\u00a0<\/strong><\/p>\n<h3><strong>Aufnahmekriterien<\/strong><\/h3>\n<p>&nbsp;<\/p>\n<p><strong>Interessierte Sch\u00fclerInnen mit \u00f6sterreichischer Staatsb\u00fcrgerschaft<\/strong><\/p>\n<p>Die Aufnahme ins IBC-Programm setzt die \u00fcblichen Zulassungen zur Sekundarstufe in \u00d6sterreich voraus. Bei einer Bewerbung zur Aufnahme ins Programm sind im ersten Gymnasialjahr <strong>keine besonderen Sprachkenntnisse in der englischen Sprache<\/strong> erforderlich; ein ausgepr\u00e4gtes Interesse und eine hohe Motivation, Englisch zu lernen, sind jedoch von gro\u00dfem Vorteil. Unser Lehransatz schlie\u00dft internationale Perspektiven mit ein, daher ist ein gewisses Interesse an den Traditionen und Lebensstilen der englischsprachigen Welt auf jeden Fall f\u00f6rderlich.<\/p>\n<p>In allen Schulstufen des Gymnasiums sind Neueinsteiger:innen in unserem bilingualen Zweig willkommen, sofern Pl\u00e4tze vorhanden und die erforderlichen schulischen Voraussetzungen erf\u00fcllt sind. Bitte setzen Sie sich mit der Schulleitung in Verbindung, wenn Sie Ihr Kind ab der <strong>2. Klasse (6. Schulstufe)<\/strong> im Gymnasium ins Programm quer einsteigen lassen m\u00f6chten.<\/p>\n<p>Alle interessierten Sch\u00fclerInnen m\u00fcssen sich anmelden und an einer Eignungspr\u00fcfung teilnehmen. N\u00e4here Informationen finden Sie unter <a href=\"https:\/\/www.it-gymnasium.at\/anmeldung\/\">Anmeldung<\/a>.<\/p>\n<p><strong>\u00a0<\/strong><\/p>\n<p><strong>Interessierte Sch\u00fcler:innen aus dem Ausland<\/strong><\/p>\n<p>Der Unterricht erfolgt zweisprachig, also beachten Sie bitte, dass f\u00fcr Kinder, die kein Deutsch sprechen oder nur die Grundkenntnisse der deutschen Sprache mitbringen, die Notwendigkeit besteht, Deutsch zu lernen. Es ist wichtig, zu betonen, dass wir nach dem \u00f6sterreichischen Lehrplan unterrichten; Das hei\u00dft, dass alle Sch\u00fcler:innen (ungeachtet ihrer jeweiligen Nationalit\u00e4t) die schriftliche \u00f6sterreichische Standardisierte Reifepr\u00fcfung im Fach Deutsch erfolgreich bestehen m\u00fcssen.<\/p>\n<p>Sofern Pl\u00e4tze vorhanden sind, k\u00f6nnen Quereinsteiger:innen in s\u00e4mtlichen Schulstufen der Unter- und Oberstufe des Gymnasiums in unseren bilingualen Zweig einsteigen. Bitte nehmen Sie mit der Schulleitung Kontakt auf, damit wir die genauen Anforderungen besprechen k\u00f6nnen.<\/p>\n<p>Interessierte Sch\u00fcler:innen aus dem Ausland m\u00fcssen sich anmelden und jene, die bereits im ersten Jahr des Programms dabei sein wollen, nehmen am Aufnahmeverfahren im M\u00e4rz teil.<\/p>\n<p>&nbsp;<\/p>\n<h3><strong>Aufnahmeverfahren<\/strong><\/h3>\n<p>&nbsp;<\/p>\n<p>Das Aufnahmeverfahren setzt sich aus einer Deutschaufgabe, einem Mathematiktest sowie einem kreativen schriftlichen Interview zusammen.<\/p>\n<p>F\u00fcr die Bearbeitung des Deutschteils sind Rechtschreib- und Grammatikkenntnisse auf dem Niveau der 3. Klasse Volksschule erforderlich. Au\u00dferdem ist ein kurzer Text zu einem Impuls zu verfassen. Dieser Impuls kann beispielsweise eine Bildgeschichte, ein Text oder der Anfang einer Erz\u00e4hlung sein.<\/p>\n<p>Die Aufgaben f\u00fcr Mathematik bestehen aus Grundrechnungsarten aus dem Stoff der 3. Klasse Volksschule.<\/p>\n<p>Beim schriftlichen Interview erhalten die Sch\u00fcler:innen einen Impuls, zu dem sie Fragen in schriftlicher Form beantworten m\u00fcssen.<\/p>\n<p>Die Noten der Semesternachricht werden f\u00fcr die Reihung der Kandidat:innen nicht herangezogen<\/p>\n<p>&nbsp;<\/p>\n<p>&nbsp;<\/p>\n<p>&nbsp;<\/p>\n","protected":false},"excerpt":{"rendered":"<p>Anmeldung &nbsp; Die Anmeldung zum IBC-Zweig erfolgt j\u00e4hrlich mit der Semesternachricht. Die Anmeldefrist betr\u00e4gt drei Wochen nach Erhalt der Semesternachricht. \u00a0 Aufnahmekriterien &nbsp; Interessierte Sch\u00fclerInnen mit \u00f6sterreichischer Staatsb\u00fcrgerschaft Die Aufnahme ins IBC-Programm setzt die \u00fcblichen Zulassungen zur Sekundarstufe in \u00d6sterreich voraus. Bei einer Bewerbung zur&#8230;<\/p>\n","protected":false},"author":1,"featured_media":0,"parent":10,"menu_order":0,"comment_status":"closed","ping_status":"closed","template":"","meta":{"episode_type":"","audio_file":"","cover_image":"","cover_image_id":"","duration":"","filesize":"","date_recorded":"","explicit":"","block":"","itunes_episode_number":"","itunes_title":"","itunes_season_number":"","itunes_episode_type":"","filesize_raw":"","footnotes":""},"class_list":["post-18443","page","type-page","status-publish","hentry"],"_links":{"self":[{"href":"https:\/\/www.it-gymnasium.at\/internationalbilingualclassesde\/wp-json\/wp\/v2\/pages\/18443","targetHints":{"allow":["GET"]}}],"collection":[{"href":"https:\/\/www.it-gymnasium.at\/internationalbilingualclassesde\/wp-json\/wp\/v2\/pages"}],"about":[{"href":"https:\/\/www.it-gymnasium.at\/internationalbilingualclassesde\/wp-json\/wp\/v2\/types\/page"}],"author":[{"embeddable":true,"href":"https:\/\/www.it-gymnasium.at\/internationalbilingualclassesde\/wp-json\/wp\/v2\/users\/1"}],"replies":[{"embeddable":true,"href":"https:\/\/www.it-gymnasium.at\/internationalbilingualclassesde\/wp-json\/wp\/v2\/comments?post=18443"}],"version-history":[{"count":15,"href":"https:\/\/www.it-gymnasium.at\/internationalbilingualclassesde\/wp-json\/wp\/v2\/pages\/18443\/revisions"}],"predecessor-version":[{"id":18994,"href":"https:\/\/www.it-gymnasium.at\/internationalbilingualclassesde\/wp-json\/wp\/v2\/pages\/18443\/revisions\/18994"}],"up":[{"embeddable":true,"href":"https:\/\/www.it-gymnasium.at\/internationalbilingualclassesde\/wp-json\/wp\/v2\/pages\/10"}],"wp:attachment":[{"href":"https:\/\/www.it-gymnasium.at\/internationalbilingualclassesde\/wp-json\/wp\/v2\/media?parent=18443"}],"curies":[{"name":"wp","href":"https:\/\/api.w.org\/{rel}","templated":true}]}}