{"id":5,"date":"2015-11-26T13:33:32","date_gmt":"2015-11-26T12:33:32","guid":{"rendered":"http:\/\/www.it-gymnasium.at\/elternvereinsseite\/?page_id=5"},"modified":"2023-01-25T09:00:37","modified_gmt":"2023-01-25T08:00:37","slug":"elternverein","status":"publish","type":"page","link":"https:\/\/www.it-gymnasium.at\/elternvereinsseite\/home\/elternverein\/","title":{"rendered":"Der Verein"},"content":{"rendered":"<p class=\"bodytext\">Der Elternverein ist ein privater Verein im Sinne des Vereinsgesetzes. Der Elternverein \u00fcbt seine T\u00e4tigkeit auf privatrechtlicher Basis aus, ist also nicht weisungsgebunden. Der Elternverein ist durch die Wahrnehmung seiner Aufgabenbereiche eine wertvolle Erg\u00e4nzung und Hilfe f\u00fcr die Schulpartnerschaft.<\/p>\n<p>&nbsp;<\/p>\n<p class=\"bodytext\">Elternvereine (zusammengeschlossen in den Landes- und Dachverb\u00e4nden) \u00fcbernehmen auch Aufgaben, die Organe der Schulbeh\u00f6rde nicht ausf\u00fchren k\u00f6nnen, z.B. Stellungnahme zu Schulgesetzen und Verordnungen sowie finanzielle Unterst\u00fctzungen.<\/p>\n<p>&nbsp;<\/p>\n<p class=\"bodytext\">Elternvereine sind nach wie vor unverzichtbar, wenn es um Anschaffungen von Unterrichtsmitteln und anderen Dinge geht, die vom Schulerhalter nicht geleistet werden k\u00f6nnen, aber f\u00fcr einen effizienten Unterricht notwendig sind. Besondere Bedeutung kommt den Elternvereinen auch bei der Unterst\u00fctzung von Sch\u00fclern und Projekten zu.<\/p>\n<p>&nbsp;<\/p>\n<p class=\"bodytext\">Mitglieder eines Elternvereins k\u00f6nnen grunds\u00e4tzlich nur die Eltern oder Erziehungsberechtigten von Kindern sein, die die betreffende Schule besuchen. Sie haben das Recht, an den Veranstaltungen des Vereins teilzunehmen. Sie haben ein Stimmrecht und das aktive und passive Wahlrecht.<\/p>\n<p>&nbsp;<\/p>\n<p>Der Elternverein ist \u00fcber die E-Mailadresse <a href=\"mailto:st.martin.elternverein@gmx.at\">st.martin.elternverein@gmx.at<\/a> erreichbar.<\/p>\n","protected":false},"excerpt":{"rendered":"<p>Der Elternverein ist ein privater Verein im Sinne des Vereinsgesetzes. Der Elternverein \u00fcbt seine T\u00e4tigkeit auf privatrechtlicher Basis aus, ist also nicht weisungsgebunden. Der Elternverein ist durch die Wahrnehmung seiner Aufgabenbereiche eine wertvolle Erg\u00e4nzung und Hilfe f\u00fcr die Schulpartnerschaft. &nbsp; Elternvereine (zusammengeschlossen in den Landes-&#8230;<\/p>\n","protected":false},"author":1,"featured_media":0,"parent":10,"menu_order":0,"comment_status":"closed","ping_status":"closed","template":"","meta":{"episode_type":"","audio_file":"","cover_image":"","cover_image_id":"","duration":"","filesize":"","date_recorded":"","explicit":"","block":"","itunes_episode_number":"","itunes_title":"","itunes_season_number":"","itunes_episode_type":"","filesize_raw":"","footnotes":""},"class_list":["post-5","page","type-page","status-publish","hentry"],"_links":{"self":[{"href":"https:\/\/www.it-gymnasium.at\/elternvereinsseite\/wp-json\/wp\/v2\/pages\/5","targetHints":{"allow":["GET"]}}],"collection":[{"href":"https:\/\/www.it-gymnasium.at\/elternvereinsseite\/wp-json\/wp\/v2\/pages"}],"about":[{"href":"https:\/\/www.it-gymnasium.at\/elternvereinsseite\/wp-json\/wp\/v2\/types\/page"}],"author":[{"embeddable":true,"href":"https:\/\/www.it-gymnasium.at\/elternvereinsseite\/wp-json\/wp\/v2\/users\/1"}],"replies":[{"embeddable":true,"href":"https:\/\/www.it-gymnasium.at\/elternvereinsseite\/wp-json\/wp\/v2\/comments?post=5"}],"version-history":[{"count":8,"href":"https:\/\/www.it-gymnasium.at\/elternvereinsseite\/wp-json\/wp\/v2\/pages\/5\/revisions"}],"predecessor-version":[{"id":18557,"href":"https:\/\/www.it-gymnasium.at\/elternvereinsseite\/wp-json\/wp\/v2\/pages\/5\/revisions\/18557"}],"up":[{"embeddable":true,"href":"https:\/\/www.it-gymnasium.at\/elternvereinsseite\/wp-json\/wp\/v2\/pages\/10"}],"wp:attachment":[{"href":"https:\/\/www.it-gymnasium.at\/elternvereinsseite\/wp-json\/wp\/v2\/media?parent=5"}],"curies":[{"name":"wp","href":"https:\/\/api.w.org\/{rel}","templated":true}]}}