{"id":26,"date":"2015-11-26T13:44:39","date_gmt":"2015-11-26T12:44:39","guid":{"rendered":"http:\/\/www.it-gymnasium.at\/elternvereinsseite\/?page_id=26"},"modified":"2020-09-10T20:28:46","modified_gmt":"2020-09-10T18:28:46","slug":"sga-ausschuss","status":"publish","type":"page","link":"https:\/\/www.it-gymnasium.at\/elternvereinsseite\/sga-ausschuss\/","title":{"rendered":"SGA-Ausschuss"},"content":{"rendered":"<h3>Dem Schulgemeinschaftsausschuss obliegen:<\/h3>\n<h4>die Entscheidung insbesondere \u00fcber<\/h4>\n<ul>\n<li>die Planung von mehrt\u00e4gigen Schulveranstaltungen (bez\u00fcglich Kosten)<\/li>\n<li>schulbezogene Veranstaltungen (z.B.: sportliche Wettk\u00e4mpfe, Theaterfahrten), das sind Veranstaltungen, die auf einem lehrplanm\u00e4\u00dfigen Unterricht aufbauen und au\u00dferhalb der Schulzeit stattfinden<\/li>\n<li>die Durchf\u00fchrung und Terminfestlegung von Elternsprechtagen<\/li>\n<li>die Hausordnung<\/li>\n<li>die Bewilligung zur Durchf\u00fchrung von Sammlungen<\/li>\n<li>die Bewilligung zur Organisierung der Teilnahme von Sch\u00fclern an Veranstaltungen, die nicht Schulveranstaltungen oder schulbezogene Veranstaltungen sind<\/li>\n<li>die Durchf\u00fchrung von Veranstaltungen der Schulbahnberatung<\/li>\n<li>die Durchf\u00fchrung von Veranstaltungen betreffend die Schulgesundheitspflege<\/li>\n<li>Vorhaben, die der Mitgestaltung des Schullebens dienen<\/li>\n<li>die Erlassung schulautonomer Lehrplanbestimmungen<\/li>\n<li>die schulautonome Festlegung von Er\u00f6ffnungs- und Teilungszahlen<\/li>\n<li>schulautonome Schulzeitregelungen (z.B. 5-Tage-Woche, schulautonome Tage)<\/li>\n<\/ul>\n<h4>\u00a0die Beratung insbesondere \u00fcber<\/h4>\n<ul>\n<li>wichtige Fragen des Unterrichts<\/li>\n<li>wichtige Fragen der Erziehung<\/li>\n<li>Fragen der Planung von Schulveranstaltungen<\/li>\n<li>die Wahl von Unterrichtsmitteln<\/li>\n<li>die Verwendung von der Schule zur Verwaltung \u00fcbertragenen Budgetmitteln<\/li>\n<li>Bauma\u00dfnahmen im Bereich der Schule<\/li>\n<\/ul>\n<h3>Dem SGA geh\u00f6ren an:<\/h3>\n<ul>\n<li>die Schulleiterin (Vorsitzende)<\/li>\n<\/ul>\n<h4>mit beschlie\u00dfender Stimme<\/h4>\n<ul>\n<li>3 VertreterInnen der LehrerInnen (3 StellvertreterInnen)<\/li>\n<li>3 VertreterInnen der Eltern (3 StellvertreterInnen)<\/li>\n<li>3 VertreterInnen der Sch\u00fclerInnen (3 StellvertreterInnen)<\/li>\n<\/ul>\n<p class=\"bodytext\">Die Wahlen werden unter der Leitung der Schulleiterin durchgef\u00fchrt und finden in den ersten 3 Monaten eines jeden Schuljahres statt. Die VertreterInnen der Erziehungsberechtigten werden vom Elternverein entsendet.<br \/>\nDie Einberufung des SGA erfolgt durch die Schulleiterin. Ein Drittel der Mitglieder des SGA kann die Einberufung einer Sitzung verlangen.<\/p>\n<p class=\"bodytext\">Jedes Schuljahr haben mindestens zwei Sitzungen, die erste davon innerhalb von zwei Wochen nach der Bestellung der LehrerInnen-, Sch\u00fclerInnen- und Elternvertreter f\u00fcr das laufende Schuljahr, stattzufinden.<\/p>\n<h3>Beschlussf\u00e4higkeit des SGA<\/h3>\n<ul>\n<li>die Anwesenheit von mehr als der H\u00e4lfte der Mitglieder mit beschlie\u00dfender Stimme und mindestens je ein Mitglied der im Ausschuss vertretenen Gruppen (LehrerInnen, Sch\u00fclerInnen, Eltern)<\/li>\n<li>die unbedingte Mehrheit der abgegebenen Stimmen<\/li>\n<\/ul>\n<p>&nbsp;<\/p>\n","protected":false},"excerpt":{"rendered":"<p>Dem Schulgemeinschaftsausschuss obliegen: die Entscheidung insbesondere \u00fcber die Planung von mehrt\u00e4gigen Schulveranstaltungen (bez\u00fcglich Kosten) schulbezogene Veranstaltungen (z.B.: sportliche Wettk\u00e4mpfe, Theaterfahrten), das sind Veranstaltungen, die auf einem lehrplanm\u00e4\u00dfigen Unterricht aufbauen und au\u00dferhalb der Schulzeit stattfinden die Durchf\u00fchrung und Terminfestlegung von Elternsprechtagen die Hausordnung die Bewilligung zur&#8230;<\/p>\n","protected":false},"author":1,"featured_media":0,"parent":0,"menu_order":0,"comment_status":"closed","ping_status":"closed","template":"","meta":{"episode_type":"","audio_file":"","cover_image":"","cover_image_id":"","duration":"","filesize":"","date_recorded":"","explicit":"","block":"","itunes_episode_number":"","itunes_title":"","itunes_season_number":"","itunes_episode_type":"","filesize_raw":"","footnotes":""},"class_list":["post-26","page","type-page","status-publish","hentry"],"_links":{"self":[{"href":"https:\/\/www.it-gymnasium.at\/elternvereinsseite\/wp-json\/wp\/v2\/pages\/26","targetHints":{"allow":["GET"]}}],"collection":[{"href":"https:\/\/www.it-gymnasium.at\/elternvereinsseite\/wp-json\/wp\/v2\/pages"}],"about":[{"href":"https:\/\/www.it-gymnasium.at\/elternvereinsseite\/wp-json\/wp\/v2\/types\/page"}],"author":[{"embeddable":true,"href":"https:\/\/www.it-gymnasium.at\/elternvereinsseite\/wp-json\/wp\/v2\/users\/1"}],"replies":[{"embeddable":true,"href":"https:\/\/www.it-gymnasium.at\/elternvereinsseite\/wp-json\/wp\/v2\/comments?post=26"}],"version-history":[{"count":4,"href":"https:\/\/www.it-gymnasium.at\/elternvereinsseite\/wp-json\/wp\/v2\/pages\/26\/revisions"}],"predecessor-version":[{"id":18502,"href":"https:\/\/www.it-gymnasium.at\/elternvereinsseite\/wp-json\/wp\/v2\/pages\/26\/revisions\/18502"}],"wp:attachment":[{"href":"https:\/\/www.it-gymnasium.at\/elternvereinsseite\/wp-json\/wp\/v2\/media?parent=26"}],"curies":[{"name":"wp","href":"https:\/\/api.w.org\/{rel}","templated":true}]}}