{"id":24,"date":"2015-11-26T13:43:27","date_gmt":"2015-11-26T12:43:27","guid":{"rendered":"http:\/\/www.it-gymnasium.at\/elternvereinsseite\/?page_id=24"},"modified":"2020-09-10T20:29:30","modified_gmt":"2020-09-10T18:29:30","slug":"schulgemeinschaft","status":"publish","type":"page","link":"https:\/\/www.it-gymnasium.at\/elternvereinsseite\/vereinsarbeit\/schulgemeinschaft\/","title":{"rendered":"Schulgemeinschaft"},"content":{"rendered":"<p>&nbsp;<\/p>\n<p class=\"bodytext\">Die Schulgemeinschaft ist die Gemeinschaft aller Lehrer, aller Sch\u00fcler und deren Eltern an einer Schule. Der Elternverein (EV) besteht aus allen Eltern einer Schule, die durch Einzahlung des Beitrages Mitglied geworden sind. An unserem Gymnasium sind dies nahezu 100%. Der Vorstand des EV besteht aus derzeit\u00a011 Personen. In diesem Gremium werden alle Themen, die an uns herangetragen werden, diskutiert und Entscheidungen getroffen. In der Folge werden diese zum Teil im SGA (=Schulgemeinschaftsausschuss) vorgebracht.<\/p>\n<p class=\"bodytext\">Der <b>Schulgemeinschaftsausschuss<\/b> (SGA) ist ein Gremium von 3 Lehrern, 3 Sch\u00fclern und 3 Eltern. Vorsitzender ist der Direktor der Schule. Von ihm wird zur SGA-Sitzung einberufen. Die Schulgemeinschaft soll der F\u00f6rderung des Unterrichtsertrages sowie der Verbesserung des Schulklimas dienen.<\/p>\n<p class=\"bodytext\">Als Ansprechpartner f\u00fcr verschiedene Veranstaltungen treten wir an die <b>Klassenelternvertreter<\/b> bzw. -stellvertreter heran, die dann die Eltern in ihrer Klasse weiter informieren.<\/p>\n<p class=\"bodytext\">\u00a0F\u00fcr Klassenelternvertreter und -stellvertreter der Unterstufe bieten wir im 2. Semester einen Informationsabend an, an dem sowohl Erfahrungen ausgetauscht als auch Fragen an uns bzw. an Frau Dir. Errath gestellt werden k\u00f6nnen.<\/p>\n<p class=\"bodytext\">An dieser Stelle m\u00f6chten wir darauf hinweisen, dass mit Maturanten und Schulabg\u00e4ngern auch Eltern aus dem EV ausscheiden und wir auf Ihre Mitarbeit im EV hoffen, ja angewiesen sind. Nur mit genug &#8222;Aktiven&#8220; k\u00f6nnen wir weiterhin so tatkr\u00e4ftig sein.<\/p>\n<h2>\u00dcbersicht<\/h2>\n<p class=\"bodytext\"><b>SGA &#8211; Schulgemeinschaftsausschuss<\/b><\/p>\n<ul>\n<li>3 Lehrer, 3 Sch\u00fcler, 3 Eltern, Direktorin ist Vorsitzende<\/li>\n<\/ul>\n<ul>\n<li>Gew\u00e4hlte Vertreter entscheiden u. beraten \u00fcber im SchUG genau definierte Punkte und k\u00f6nnen so wesentliche Bereiche direkt beeinflussen. Die Beschl\u00fcsse des SGA sind bindend.<\/li>\n<\/ul>\n<p class=\"bodytext\"><b>EV-Vorstand, Ausschuss<\/b><\/p>\n<ul>\n<li>wird von den Eltern einer Schule in der Jahreshauptversammlung gew\u00e4hlt.<\/li>\n<li>Davon werden 3 Eltern in den SGA entsendet.<\/li>\n<\/ul>\n<p class=\"bodytext\"><b>Klassenelternvertreter \/-stellvertreter<\/b><\/p>\n<ul>\n<li>geh\u00f6ren nicht automatisch dem EV Ausschuss an, sie dienen dem EV jedoch als &#8222;Sprachrohr&#8220;, um den Klasseneltern Informationen zukommen zu lassen und umgekehrt.<\/li>\n<\/ul>\n<p class=\"bodytext\"><b>Elternverein (EV)<\/b><\/p>\n<ul>\n<li>besteht aus allen Eltern einer Schule, die den EV-Beitrag zahlen.<\/li>\n<\/ul>\n<p class=\"bodytext\"><b>Schulgemeinschaft<\/b><\/p>\n<ul>\n<li>alle Lehrer, alle Sch\u00fcler und deren Eltern an der Schule. Die Zusammenarbeit dient der F\u00f6rderung des Unterrichtsertrages bzw. der Verbesserung des Schulklimas.<\/li>\n<\/ul>\n<p>&nbsp;<\/p>\n","protected":false},"excerpt":{"rendered":"<p>&nbsp; Die Schulgemeinschaft ist die Gemeinschaft aller Lehrer, aller Sch\u00fcler und deren Eltern an einer Schule. Der Elternverein (EV) besteht aus allen Eltern einer Schule, die durch Einzahlung des Beitrages Mitglied geworden sind. An unserem Gymnasium sind dies nahezu 100%. Der Vorstand des EV besteht&#8230;<\/p>\n","protected":false},"author":1,"featured_media":0,"parent":20,"menu_order":0,"comment_status":"closed","ping_status":"closed","template":"","meta":{"episode_type":"","audio_file":"","cover_image":"","cover_image_id":"","duration":"","filesize":"","date_recorded":"","explicit":"","block":"","itunes_episode_number":"","itunes_title":"","itunes_season_number":"","itunes_episode_type":"","filesize_raw":"","footnotes":""},"class_list":["post-24","page","type-page","status-publish","hentry"],"_links":{"self":[{"href":"https:\/\/www.it-gymnasium.at\/elternvereinsseite\/wp-json\/wp\/v2\/pages\/24","targetHints":{"allow":["GET"]}}],"collection":[{"href":"https:\/\/www.it-gymnasium.at\/elternvereinsseite\/wp-json\/wp\/v2\/pages"}],"about":[{"href":"https:\/\/www.it-gymnasium.at\/elternvereinsseite\/wp-json\/wp\/v2\/types\/page"}],"author":[{"embeddable":true,"href":"https:\/\/www.it-gymnasium.at\/elternvereinsseite\/wp-json\/wp\/v2\/users\/1"}],"replies":[{"embeddable":true,"href":"https:\/\/www.it-gymnasium.at\/elternvereinsseite\/wp-json\/wp\/v2\/comments?post=24"}],"version-history":[{"count":2,"href":"https:\/\/www.it-gymnasium.at\/elternvereinsseite\/wp-json\/wp\/v2\/pages\/24\/revisions"}],"predecessor-version":[{"id":18507,"href":"https:\/\/www.it-gymnasium.at\/elternvereinsseite\/wp-json\/wp\/v2\/pages\/24\/revisions\/18507"}],"up":[{"embeddable":true,"href":"https:\/\/www.it-gymnasium.at\/elternvereinsseite\/wp-json\/wp\/v2\/pages\/20"}],"wp:attachment":[{"href":"https:\/\/www.it-gymnasium.at\/elternvereinsseite\/wp-json\/wp\/v2\/media?parent=24"}],"curies":[{"name":"wp","href":"https:\/\/api.w.org\/{rel}","templated":true}]}}