{"id":22,"date":"2015-11-26T13:43:00","date_gmt":"2015-11-26T12:43:00","guid":{"rendered":"http:\/\/www.it-gymnasium.at\/elternvereinsseite\/?page_id=22"},"modified":"2020-09-10T20:29:37","modified_gmt":"2020-09-10T18:29:37","slug":"vorstandssitzungen","status":"publish","type":"page","link":"https:\/\/www.it-gymnasium.at\/elternvereinsseite\/vereinsarbeit\/vorstandssitzungen\/","title":{"rendered":"Vorstandssitzungen"},"content":{"rendered":"<p>&nbsp;<\/p>\n<p class=\"bodytext\">Die Mitglieder des EV Vorstands und Mitglieder des Ausschusses treffen sich einmal pro Monat, um anstehende Themen zu er\u00f6rtern bzw. um Entscheidungen zu treffen und abzustimmen.<\/p>\n<p>Die Vorstandssitzungen finden im BG\/BRG im Besprechungszimmer Nr.\u00a0002 statt.<\/p>\n<p>Um eine effiziente Behandlung von Antr\u00e4gen, Vorschl\u00e4gen und Anfragen zu gew\u00e4hrleisten,\u00a0sind diese bis sp\u00e4testens einen Tag vor Sitzungsbeginn entweder per E-Mail an\u00a0Fr. Gabriele Kr\u00f6gler (<a href=\"mailto:elternverein.st.martin@gmx.at\">elternverein.st.martin@gmx.at<\/a>) oder schriftlich im Sekretariat einzubringen.<\/p>\n","protected":false},"excerpt":{"rendered":"<p>&nbsp; Die Mitglieder des EV Vorstands und Mitglieder des Ausschusses treffen sich einmal pro Monat, um anstehende Themen zu er\u00f6rtern bzw. um Entscheidungen zu treffen und abzustimmen. Die Vorstandssitzungen finden im BG\/BRG im Besprechungszimmer Nr.\u00a0002 statt. Um eine effiziente Behandlung von Antr\u00e4gen, Vorschl\u00e4gen und Anfragen&#8230;<\/p>\n","protected":false},"author":1,"featured_media":0,"parent":20,"menu_order":0,"comment_status":"closed","ping_status":"closed","template":"","meta":{"episode_type":"","audio_file":"","cover_image":"","cover_image_id":"","duration":"","filesize":"","date_recorded":"","explicit":"","block":"","itunes_episode_number":"","itunes_title":"","itunes_season_number":"","itunes_episode_type":"","filesize_raw":"","footnotes":""},"class_list":["post-22","page","type-page","status-publish","hentry"],"_links":{"self":[{"href":"https:\/\/www.it-gymnasium.at\/elternvereinsseite\/wp-json\/wp\/v2\/pages\/22","targetHints":{"allow":["GET"]}}],"collection":[{"href":"https:\/\/www.it-gymnasium.at\/elternvereinsseite\/wp-json\/wp\/v2\/pages"}],"about":[{"href":"https:\/\/www.it-gymnasium.at\/elternvereinsseite\/wp-json\/wp\/v2\/types\/page"}],"author":[{"embeddable":true,"href":"https:\/\/www.it-gymnasium.at\/elternvereinsseite\/wp-json\/wp\/v2\/users\/1"}],"replies":[{"embeddable":true,"href":"https:\/\/www.it-gymnasium.at\/elternvereinsseite\/wp-json\/wp\/v2\/comments?post=22"}],"version-history":[{"count":7,"href":"https:\/\/www.it-gymnasium.at\/elternvereinsseite\/wp-json\/wp\/v2\/pages\/22\/revisions"}],"predecessor-version":[{"id":18508,"href":"https:\/\/www.it-gymnasium.at\/elternvereinsseite\/wp-json\/wp\/v2\/pages\/22\/revisions\/18508"}],"up":[{"embeddable":true,"href":"https:\/\/www.it-gymnasium.at\/elternvereinsseite\/wp-json\/wp\/v2\/pages\/20"}],"wp:attachment":[{"href":"https:\/\/www.it-gymnasium.at\/elternvereinsseite\/wp-json\/wp\/v2\/media?parent=22"}],"curies":[{"name":"wp","href":"https:\/\/api.w.org\/{rel}","templated":true}]}}