{"id":20,"date":"2015-11-26T13:42:33","date_gmt":"2015-11-26T12:42:33","guid":{"rendered":"http:\/\/www.it-gymnasium.at\/elternvereinsseite\/?page_id=20"},"modified":"2020-09-10T20:29:22","modified_gmt":"2020-09-10T18:29:22","slug":"vereinsarbeit","status":"publish","type":"page","link":"https:\/\/www.it-gymnasium.at\/elternvereinsseite\/vereinsarbeit\/","title":{"rendered":"Vereinsarbeit"},"content":{"rendered":"<h3>Der Elternverein beteiligt sich allj\u00e4hrlich aktiv an diesen Schulveranstaltungen.<\/h3>\n<div>\n<ul>\n<li>Elternabend der 1. Klassen<\/li>\n<li>Infopoint am Elternsprechtag<\/li>\n<li>Weihnachtsfeier f\u00fcr Klassensprecher, Elternvertreter und Lehrer<\/li>\n<li>Infoabend f\u00fcr Klassenelternvertreter der Unterstufen<\/li>\n<li>Maturafeier f\u00fcr Maturanten und Familienangeh\u00f6rige<\/li>\n<li>Wirtschaftlicher Tr\u00e4ger des Schulballes, Organisation in Zusammenarbeit mit Sch\u00fclern und LehrernDer Aufgabenbereich erstreckt sich hier von einfachen Infopoints, \u00fcber Bereitstellung von Imbissen bis hin zur kompletten Organisation.<br \/>\n<h4><\/h4>\n<p>An dieser Stelle m\u00f6chten wir darauf hinweisen, dass mit Maturanten und Schulabg\u00e4ngern auch Eltern aus dem EV ausscheiden und wir auf <b>Ihre Mitarbeit im EV<\/b> hoffen, ja angewiesen sind. Nur mit genug aktiven Mitgliedern k\u00f6nnen wir unsere Aufgaben auch in der Zukunft wahrnehmen.<\/p>\n<h4>Sollten Sie pers\u00f6nlich die M\u00f6glichkeit zur Mitarbeit haben, oder den EV mit Sachspenden unterst\u00fctzen wollen, so kontaktieren Sie bitte eines unserer Vorstandsmitglieder.<\/h4>\n<\/li>\n<\/ul>\n<\/div>\n<p>&nbsp;<\/p>\n","protected":false},"excerpt":{"rendered":"<p>Der Elternverein beteiligt sich allj\u00e4hrlich aktiv an diesen Schulveranstaltungen. Elternabend der 1. Klassen Infopoint am Elternsprechtag Weihnachtsfeier f\u00fcr Klassensprecher, Elternvertreter und Lehrer Infoabend f\u00fcr Klassenelternvertreter der Unterstufen Maturafeier f\u00fcr Maturanten und Familienangeh\u00f6rige Wirtschaftlicher Tr\u00e4ger des Schulballes, Organisation in Zusammenarbeit mit Sch\u00fclern und LehrernDer Aufgabenbereich erstreckt&#8230;<\/p>\n","protected":false},"author":1,"featured_media":0,"parent":0,"menu_order":0,"comment_status":"closed","ping_status":"closed","template":"","meta":{"episode_type":"","audio_file":"","cover_image":"","cover_image_id":"","duration":"","filesize":"","date_recorded":"","explicit":"","block":"","itunes_episode_number":"","itunes_title":"","itunes_season_number":"","itunes_episode_type":"","filesize_raw":"","footnotes":""},"class_list":["post-20","page","type-page","status-publish","hentry"],"_links":{"self":[{"href":"https:\/\/www.it-gymnasium.at\/elternvereinsseite\/wp-json\/wp\/v2\/pages\/20","targetHints":{"allow":["GET"]}}],"collection":[{"href":"https:\/\/www.it-gymnasium.at\/elternvereinsseite\/wp-json\/wp\/v2\/pages"}],"about":[{"href":"https:\/\/www.it-gymnasium.at\/elternvereinsseite\/wp-json\/wp\/v2\/types\/page"}],"author":[{"embeddable":true,"href":"https:\/\/www.it-gymnasium.at\/elternvereinsseite\/wp-json\/wp\/v2\/users\/1"}],"replies":[{"embeddable":true,"href":"https:\/\/www.it-gymnasium.at\/elternvereinsseite\/wp-json\/wp\/v2\/comments?post=20"}],"version-history":[{"count":3,"href":"https:\/\/www.it-gymnasium.at\/elternvereinsseite\/wp-json\/wp\/v2\/pages\/20\/revisions"}],"predecessor-version":[{"id":18506,"href":"https:\/\/www.it-gymnasium.at\/elternvereinsseite\/wp-json\/wp\/v2\/pages\/20\/revisions\/18506"}],"wp:attachment":[{"href":"https:\/\/www.it-gymnasium.at\/elternvereinsseite\/wp-json\/wp\/v2\/media?parent=20"}],"curies":[{"name":"wp","href":"https:\/\/api.w.org\/{rel}","templated":true}]}}