{"id":56,"date":"2015-12-10T13:53:21","date_gmt":"2015-12-10T12:53:21","guid":{"rendered":"http:\/\/www.it-gymnasium.at\/abendschule\/?page_id=56"},"modified":"2024-06-19T14:39:06","modified_gmt":"2024-06-19T12:39:06","slug":"schulordnung","status":"publish","type":"page","link":"https:\/\/www.it-gymnasium.at\/abendschule\/schulordnung\/","title":{"rendered":"Schulordnung"},"content":{"rendered":"<div class=\"csc-header csc-header-n1\">\n<h1 class=\"csc-firstHeader\">Schulordnung<\/h1>\n<p>&nbsp;<\/p>\n<\/div>\n<p>Der <strong>Haupteingang<\/strong> ist <strong>bis 20:00<\/strong> ge\u00f6ffnet, bitte (danach) als Ausgang nur noch den <strong>Ausgang beim Musiksaal<\/strong> nutzen, bitte keinesfalls die Fluchtt\u00fcren benutzen (alarmgesichert).<\/p>\n<p>&nbsp;<\/p>\n<p>Der <strong>Schulparkplatz<\/strong> ist zu den Unterrichtszeiten auch f\u00fcr Studierende benutzbar. Am Vormittag ist der Parkplatz durch einen Schranken abgesperrt und nur f\u00fcr die Lehrkr\u00e4fte der Tagesschule zu benutzen. Bei Abendveranstaltungen der Tagesschule kann der Parkplatz ebenfalls besetzt sein (bitte Hinweise auf der Homepage beachten). Die Parkberechtigung innerhalb des Schrankens erstreckt sich auf die <strong>Unterrichtszeiten<\/strong>.<\/p>\n<p>&nbsp;<\/p>\n<p><strong>Rechtzeitige Anmeldungen<\/strong> zu Modulen, Kolloquien und zur Reifepr\u00fcfung sind verpflichtend.<\/p>\n<p>&nbsp;<\/p>\n<p>Jede <strong>St\u00f6rung<\/strong> einer konstruktiven Unterrichtsarbeit ist zu <strong>vermeiden<\/strong>, f\u00fcr dringende Telefonate bzw. Nachrichten bitte den Unterrichtsraum verlassen.<\/p>\n<p>&nbsp;<\/p>\n<p><strong>Fotografieren<\/strong>, Filmen und Tonaufzeichnungen von Lehrkr\u00e4ften und Studierenden sind ohne deren ausdr\u00fcckliche Zustimmung <strong>verboten<\/strong>.<\/p>\n<p>&nbsp;<\/p>\n<p><strong>Trinken und Essen ist in Funktionsr\u00e4umen<\/strong> (Informatik- und Laborr\u00e4umen) aus Sicherheits- und Hygienegr\u00fcnden <strong>untersagt<\/strong>.<\/p>\n<p>&nbsp;<\/p>\n<p><strong>Rauchen<\/strong> ist seit 1. September 2015 an allen Schulen und deren Gel\u00e4nde <strong>verboten<\/strong>.<\/p>\n<p>&nbsp;<\/p>\n<p>Bitte auf <strong>Sauberkeit<\/strong> achten, Abf\u00e4lle sind in die daf\u00fcr vorgesehenen M\u00fclleimer zu entsorgen, die M\u00fclltrennung von Papier und Plastik erfolgt bitte in den entsprechend gekennzeichneten M\u00fclltonnen.<\/p>\n<p>&nbsp;<\/p>\n<p>Bitte lesen und befolgen Sie auch die <a href=\"https:\/\/www.it-gymnasium.at\/abendschule\/b-schug\/\"><strong>Regeln f\u00fcr den Studienablauf<\/strong><\/a>.<\/p>\n<p>&nbsp;<\/p>\n<p>Wir leben ein <strong>tolerantes und respektvolles Miteinander<\/strong>.<\/p>\n","protected":false},"excerpt":{"rendered":"<p>Schulordnung &nbsp; Der Haupteingang ist bis 20:00 ge\u00f6ffnet, bitte (danach) als Ausgang nur noch den Ausgang beim Musiksaal nutzen, bitte keinesfalls die Fluchtt\u00fcren benutzen (alarmgesichert). &nbsp; Der Schulparkplatz ist zu den Unterrichtszeiten auch f\u00fcr Studierende benutzbar. Am Vormittag ist der Parkplatz durch einen Schranken abgesperrt&#8230;<\/p>\n","protected":false},"author":1,"featured_media":0,"parent":0,"menu_order":0,"comment_status":"closed","ping_status":"closed","template":"","meta":{"episode_type":"","audio_file":"","cover_image":"","cover_image_id":"","duration":"","filesize":"","date_recorded":"","explicit":"","block":"","itunes_episode_number":"","itunes_title":"","itunes_season_number":"","itunes_episode_type":"","filesize_raw":"","footnotes":""},"class_list":["post-56","page","type-page","status-publish","hentry"],"_links":{"self":[{"href":"https:\/\/www.it-gymnasium.at\/abendschule\/wp-json\/wp\/v2\/pages\/56","targetHints":{"allow":["GET"]}}],"collection":[{"href":"https:\/\/www.it-gymnasium.at\/abendschule\/wp-json\/wp\/v2\/pages"}],"about":[{"href":"https:\/\/www.it-gymnasium.at\/abendschule\/wp-json\/wp\/v2\/types\/page"}],"author":[{"embeddable":true,"href":"https:\/\/www.it-gymnasium.at\/abendschule\/wp-json\/wp\/v2\/users\/1"}],"replies":[{"embeddable":true,"href":"https:\/\/www.it-gymnasium.at\/abendschule\/wp-json\/wp\/v2\/comments?post=56"}],"version-history":[{"count":21,"href":"https:\/\/www.it-gymnasium.at\/abendschule\/wp-json\/wp\/v2\/pages\/56\/revisions"}],"predecessor-version":[{"id":1077,"href":"https:\/\/www.it-gymnasium.at\/abendschule\/wp-json\/wp\/v2\/pages\/56\/revisions\/1077"}],"wp:attachment":[{"href":"https:\/\/www.it-gymnasium.at\/abendschule\/wp-json\/wp\/v2\/media?parent=56"}],"curies":[{"name":"wp","href":"https:\/\/api.w.org\/{rel}","templated":true}]}}