{"id":49,"date":"2015-12-10T13:52:06","date_gmt":"2015-12-10T12:52:06","guid":{"rendered":"http:\/\/www.it-gymnasium.at\/abendschule\/?page_id=49"},"modified":"2025-10-04T15:20:16","modified_gmt":"2025-10-04T13:20:16","slug":"sga","status":"publish","type":"page","link":"https:\/\/www.it-gymnasium.at\/abendschule\/sga\/","title":{"rendered":"SGA"},"content":{"rendered":"<h1 class=\"csc-firstHeader\"><strong>Schulgemeinschaftsausschuss 2025\/26<\/strong><\/h1>\n<p>&nbsp;<\/p>\n<h4 class=\"bodytext\"><b>Studierendenvertreter:innen<\/b><\/h4>\n<p class=\"bodytext\">Studierendenverteter: Patrick GENSER, 5AA\/6AA<\/p>\n<p>Erster Stellvertreter:\u00a0Felix SCHOLZ, 3AA\/4AA<\/p>\n<p>Zweiter Stellvertreter: Luca JERMOL, 5AA\/6AA<\/p>\n<p>&nbsp;<\/p>\n<h4 class=\"bodytext\"><b>Lehrer:innenvertreter:innen<\/b><\/h4>\n<p class=\"bodytext\">Martin KASTNER<br \/>\nMartin FRIERSS-KLEINSASSER<br \/>\nRenate GLANTSCHNIG-KRAMETER<\/p>\n<p>&nbsp;<\/p>\n<h4><strong>Schulunterrichtsgesetz f\u00fcr Berufst\u00e4tige, Kollegs und Vorbereitungslehrg\u00e4nge<\/strong><\/h4>\n<p>\u00a7 58. (1) In jeder Schule ist zur F\u00f6rderung und Festigung der Schulgemeinschaft (\u00a7 2) ein Schulgemeinschaftsausschuss zu bilden.<\/p>\n<p>&nbsp;<\/p>\n<p>(2) Neben den auf Grund gesetzlicher Bestimmungen \u00fcbertragenen Entscheidungsbefugnissen obliegen dem Schulgemeinschaftsausschuss insbesondere die Beratung \u00fcber die Durchf\u00fchrung von das Schulleben betreffenden Veranstaltungen und die Beratung in allen die Studierenden sowie Lehrer und Lehrerinnen betreffenden Angelegenheiten der Schule, insbesondere in wichtigen Fragen des Unterrichts und der Bildung, der Verwendung von der Schule \u00fcbertragenen Budgetmitteln und von Bauma\u00dfnahmen im Bereich der Schule. Der Schulgemeinschaftsausschuss von Schulen, die an einem Schulcluster beteiligt sind, kann beschlie\u00dfen, dass alle oder einzelne in seine Zust\u00e4ndigkeit fallenden Angelegenheiten dem Schulclusterbeirat (\u00a7 58a) zur Entscheidung \u00fcbertragen werden.<\/p>\n<p>&nbsp;<\/p>\n<p>(3) Dem Schulgemeinschaftsausschuss geh\u00f6ren der Schulleiter (als Vorsitzender), drei Vertreter der Lehrer, der Schulsprecher und die zwei Sprecher der Studierenden im Schulgemeinschaftsausschuss an. An Privatschulen geh\u00f6rt dem Schulgemeinschaftsausschuss weiters ein Vertreter des Schulerhalters an.<\/p>\n<p>&nbsp;<\/p>\n<p>(4) Die Vertreter der Lehrer sowie je eines Stellvertreters sind von der Schulkonferenz aus dem Kreis der an der betreffenden Schule t\u00e4tigen Lehrer (ausgenommen Lehrbeauftragte) in gleicher, unmittelbarer, geheimer und pers\u00f6nlicher Wahl zu w\u00e4hlen. Die Wahl erfolgt mittels Verh\u00e4ltniswahl. Der Schulleiter hat die f\u00fcr die Durchf\u00fchrung der Wahl erforderlichen Vorkehrungen zu treffen. Die Funktionsdauer betr\u00e4gt zwei Halbjahre; die Schulkonferenz kann beschlie\u00dfen, dass die Wahl der Vertreter der Lehrer f\u00fcr die Dauer von vier Halbjahren erfolgt. \u00a7 57 Abs. 5 und 6 findet sinngem\u00e4\u00df Anwendung.<\/p>\n<p>&nbsp;<\/p>\n<p>(5) Jedem Vertreter der Lehrer und jedem Vertreter der Studierenden kommt eine beschlie\u00dfende Stimme zu. Stimmenthaltung ist unzul\u00e4ssig. Der Schulleiter und an Privatschulen der Vertreter des Schulerhalters haben keine beschlie\u00dfende Stimme. Erforderlichenfalls k\u00f6nnen andere Personen als Sachverst\u00e4ndige mit beratender Stimme eingeladen und Unteraussch\u00fcsse eingerichtet werden.<\/p>\n<p>&nbsp;<\/p>\n<p>(6) Der Schulgemeinschaftsausschuss ist beschlussf\u00e4hig, wenn der Schulleiter und mindestens je zwei Vertreter der Studierenden und der Lehrer anwesend sind. F\u00fcr einen Beschluss ist die unbedingte Mehrheit der abgegebenen Stimmen erforderlich. Bei Stimmengleichheit entscheidet der Schulleiter.<\/p>\n<p>&nbsp;<\/p>\n<p>(7) Der Schulleiter hat f\u00fcr die Durchf\u00fchrung der gefassten Beschl\u00fcsse des Schulgemeinschaftsausschusses zu sorgen; h\u00e4lt er einen derartigen Beschluss f\u00fcr rechtswidrig oder aus organisatorischen Gr\u00fcnden nicht durchf\u00fchrbar, hat er diesen auszusetzen und die Weisung der zust\u00e4ndigen Schulbeh\u00f6rde einzuholen.<\/p>\n","protected":false},"excerpt":{"rendered":"<p>Schulgemeinschaftsausschuss 2025\/26 &nbsp; Studierendenvertreter:innen Studierendenverteter: Patrick GENSER, 5AA\/6AA Erster Stellvertreter:\u00a0Felix SCHOLZ, 3AA\/4AA Zweiter Stellvertreter: Luca JERMOL, 5AA\/6AA &nbsp; Lehrer:innenvertreter:innen Martin KASTNER Martin FRIERSS-KLEINSASSER Renate GLANTSCHNIG-KRAMETER &nbsp; Schulunterrichtsgesetz f\u00fcr Berufst\u00e4tige, Kollegs und Vorbereitungslehrg\u00e4nge \u00a7 58. (1) In jeder Schule ist zur F\u00f6rderung und Festigung der Schulgemeinschaft&#8230;<\/p>\n","protected":false},"author":1,"featured_media":0,"parent":0,"menu_order":0,"comment_status":"closed","ping_status":"closed","template":"","meta":{"episode_type":"","audio_file":"","cover_image":"","cover_image_id":"","duration":"","filesize":"","date_recorded":"","explicit":"","block":"","itunes_episode_number":"","itunes_title":"","itunes_season_number":"","itunes_episode_type":"","filesize_raw":"","footnotes":""},"class_list":["post-49","page","type-page","status-publish","hentry"],"_links":{"self":[{"href":"https:\/\/www.it-gymnasium.at\/abendschule\/wp-json\/wp\/v2\/pages\/49","targetHints":{"allow":["GET"]}}],"collection":[{"href":"https:\/\/www.it-gymnasium.at\/abendschule\/wp-json\/wp\/v2\/pages"}],"about":[{"href":"https:\/\/www.it-gymnasium.at\/abendschule\/wp-json\/wp\/v2\/types\/page"}],"author":[{"embeddable":true,"href":"https:\/\/www.it-gymnasium.at\/abendschule\/wp-json\/wp\/v2\/users\/1"}],"replies":[{"embeddable":true,"href":"https:\/\/www.it-gymnasium.at\/abendschule\/wp-json\/wp\/v2\/comments?post=49"}],"version-history":[{"count":20,"href":"https:\/\/www.it-gymnasium.at\/abendschule\/wp-json\/wp\/v2\/pages\/49\/revisions"}],"predecessor-version":[{"id":1322,"href":"https:\/\/www.it-gymnasium.at\/abendschule\/wp-json\/wp\/v2\/pages\/49\/revisions\/1322"}],"wp:attachment":[{"href":"https:\/\/www.it-gymnasium.at\/abendschule\/wp-json\/wp\/v2\/media?parent=49"}],"curies":[{"name":"wp","href":"https:\/\/api.w.org\/{rel}","templated":true}]}}