{"id":34,"date":"2015-12-10T13:48:30","date_gmt":"2015-12-10T12:48:30","guid":{"rendered":"http:\/\/www.it-gymnasium.at\/abendschule\/?page_id=34"},"modified":"2024-09-15T14:28:28","modified_gmt":"2024-09-15T12:28:28","slug":"infrastruktur","status":"publish","type":"page","link":"https:\/\/www.it-gymnasium.at\/abendschule\/infrastruktur\/","title":{"rendered":"Infrastruktur"},"content":{"rendered":"<div class=\"csc-header csc-header-n1\">\n<h1 class=\"csc-firstHeader\">Infrastruktur<\/h1>\n<p>&nbsp;<\/p>\n<\/div>\n<p><!-- Header: [end] --> <!-- Text: [begin] --><\/p>\n<h4><strong>Schulbibliothek<\/strong><\/h4>\n<p>Ausleihen mit Studierendenausweis m\u00f6glich<\/p>\n<p>&nbsp;<\/p>\n<h4><strong>Sonderunterrichtsr\u00e4ume<\/strong><\/h4>\n<p>f\u00fcr Informatik, Musik, Kunst und Gestaltung, Biologie, Chemie und Physik<\/p>\n<p>&nbsp;<\/p>\n<h4><strong>Schulaccount<\/strong><\/h4>\n<p>Zus\u00e4tzliche Computer in der Aula f\u00fcr den Zugang in den Pausen sowie f\u00fcr die Zeit vor und nach dem Unterricht<\/p>\n<p>Internetzugang und E-Mail-Adresse f\u00fcr alle Studierende<\/p>\n<p>WLAN-Zugang f\u00fcr alle Studierende<\/p>\n<p>Lernplattform Moodle<\/p>\n<p>Kopierger\u00e4te im ersten und zweiten Stockwerk, Ladestation im Erdgeschoss<\/p>\n<p>Drucken im WLAN von allen eigenen Ger\u00e4ten m\u00f6glich<\/p>\n<p>&nbsp;<\/p>\n<h4><strong>Testcenter<\/strong><\/h4>\n<p>ECDL\/ICDL-Pr\u00fcfungen<\/p>\n<p>Unternehmer:innenf\u00fchrerschein-Pr\u00fcfungen<\/p>\n<p>Cisco Local Academy<\/p>\n<p>&nbsp;<\/p>\n<h4><strong>Versorgung<\/strong><\/h4>\n<p>Verbandskasten f\u00fcr Erste Hilfe im Konferenzzimmer und beim Schulwart<\/p>\n<p>Defibrillatoren im Erdgeschoss<\/p>\n<p>Getr\u00e4nkeautomat f\u00fcr Tee, Kaffee und Imbisse<\/p>\n<p>Aufzug f\u00fcr Personen mit eingeschr\u00e4nkter Mobilit\u00e4t (Schl\u00fcssel bitte beim Sekretariat bzw. bei den Studienkoordinator:innen entlehnen)<\/p>\n","protected":false},"excerpt":{"rendered":"<p>Infrastruktur &nbsp; Schulbibliothek Ausleihen mit Studierendenausweis m\u00f6glich &nbsp; Sonderunterrichtsr\u00e4ume f\u00fcr Informatik, Musik, Kunst und Gestaltung, Biologie, Chemie und Physik &nbsp; Schulaccount Zus\u00e4tzliche Computer in der Aula f\u00fcr den Zugang in den Pausen sowie f\u00fcr die Zeit vor und nach dem Unterricht Internetzugang und E-Mail-Adresse f\u00fcr&#8230;<\/p>\n","protected":false},"author":1,"featured_media":0,"parent":0,"menu_order":0,"comment_status":"closed","ping_status":"closed","template":"","meta":{"episode_type":"","audio_file":"","cover_image":"","cover_image_id":"","duration":"","filesize":"","date_recorded":"","explicit":"","block":"","itunes_episode_number":"","itunes_title":"","itunes_season_number":"","itunes_episode_type":"","filesize_raw":"","footnotes":""},"class_list":["post-34","page","type-page","status-publish","hentry"],"_links":{"self":[{"href":"https:\/\/www.it-gymnasium.at\/abendschule\/wp-json\/wp\/v2\/pages\/34","targetHints":{"allow":["GET"]}}],"collection":[{"href":"https:\/\/www.it-gymnasium.at\/abendschule\/wp-json\/wp\/v2\/pages"}],"about":[{"href":"https:\/\/www.it-gymnasium.at\/abendschule\/wp-json\/wp\/v2\/types\/page"}],"author":[{"embeddable":true,"href":"https:\/\/www.it-gymnasium.at\/abendschule\/wp-json\/wp\/v2\/users\/1"}],"replies":[{"embeddable":true,"href":"https:\/\/www.it-gymnasium.at\/abendschule\/wp-json\/wp\/v2\/comments?post=34"}],"version-history":[{"count":16,"href":"https:\/\/www.it-gymnasium.at\/abendschule\/wp-json\/wp\/v2\/pages\/34\/revisions"}],"predecessor-version":[{"id":1115,"href":"https:\/\/www.it-gymnasium.at\/abendschule\/wp-json\/wp\/v2\/pages\/34\/revisions\/1115"}],"wp:attachment":[{"href":"https:\/\/www.it-gymnasium.at\/abendschule\/wp-json\/wp\/v2\/media?parent=34"}],"curies":[{"name":"wp","href":"https:\/\/api.w.org\/{rel}","templated":true}]}}