{"id":32,"date":"2015-12-10T13:47:59","date_gmt":"2015-12-10T12:47:59","guid":{"rendered":"http:\/\/www.it-gymnasium.at\/abendschule\/?page_id=32"},"modified":"2024-09-15T14:57:55","modified_gmt":"2024-09-15T12:57:55","slug":"unterstuetzung","status":"publish","type":"page","link":"https:\/\/www.it-gymnasium.at\/abendschule\/unterstuetzung\/","title":{"rendered":"Unterst\u00fctzung"},"content":{"rendered":"<h1>Finanzielle Hilfen f\u00fcr Studierende<\/h1>\n<p>&nbsp;<\/p>\n<h1><!-- Header: [end] --> <!-- Text: [begin] --><\/h1>\n<h4 class=\"bodytext\"><strong>Studierendenausweis<\/strong><\/h4>\n<p class=\"bodytext\">Bitte bei den Studienkoordinator:innen beantragen.<\/p>\n<p>Gilt auch als <strong>Bibliotheksausweis<\/strong> in der Schulbibliothek. Erm\u00f6glicht Erm\u00e4\u00dfigungen bei diversen Freizeiteinrichtungen, kulturellen Veranstaltungen, Museen, Ausstellungen (auch in anderen Bundesl\u00e4ndern), etc.<\/p>\n<p>&nbsp;<\/p>\n<h4 class=\"bodytext\"><strong>Schulbesuchsbest\u00e4tigung<\/strong><\/h4>\n<p class=\"bodytext\">Bei den Studienkoordinator:innen beantragen, ein Ausdruck mit einer digitalen Signatur ist derzeit leider rechtlich nicht erlaubt. Mit dieser Best\u00e4tigung kann man z.B. bei einigen Zeitungen\/Zeitschriften ein verbilligtes Studentenabo erhalten.<\/p>\n<p>&nbsp;<\/p>\n<h4><strong>Microsoft 365 Lizenz<\/strong><\/h4>\n<p>Im Rahmen einer Vereinbarung des Bundesministeriums f\u00fcr Bildung, Wissenschaft und Forschung (BMBWF) mit Microsoft ist es f\u00fcr Studierende der h\u00f6heren Schulen \u00d6sterreichs m\u00f6glich, das Softwarepaket Microsoft 365 im aktuellen Schuljahr kostenlos zu nutzen, die Accounts werden durch den IT-Manager zu Semesterbeginn freigeschaltet und ausgegeben.<\/p>\n<p>&nbsp;<\/p>\n<h4 class=\"bodytext\"><strong>Freifahrtausweis f\u00fcr Bus\/Bahn<\/strong><\/h4>\n<p class=\"bodytext\">Bei den Studienkoordinatoren beantragen.<br \/>\nErm\u00f6glicht Freifahrten f\u00fcr die Strecke Wohnort &#8211; Schule.<br \/>\nF\u00fcr Studierende, die zu Beginn des Schuljahres das 26. Lebensjahr noch nicht vollendet haben.<\/p>\n<p>&nbsp;<\/p>\n<h4 class=\"bodytext\"><strong>Schulbeihilfe des Bundes (1. bis 8. Semester)<\/strong><\/h4>\n<p class=\"bodytext\">Diese Beihilfe k\u00f6nnen Studierende w\u00e4hrend des gesamten Zeitraumes, in dem sie das Abendgymnasium besuchen, erhalten.<br \/>\n<strong>Voraussetzungen:<\/strong><\/p>\n<p>\u00d6sterreichische Staatsb\u00fcrgerschaft (Sonderregelungen f\u00fcr Ausl\u00e4nderInnen mit Lebensmittelpunkt in \u00d6sterreich)<\/p>\n<p>Notendurchschnitt der Pflichtgegenst\u00e4nde: mind. 2,9 (F\u00fcr Einsteiger wird das Zeugnis der zuletzt besuchten Schule herangezogen )<\/p>\n<p>Das Semester muss zum 1. Mal besucht werden, d.h. bei Wiederholung kann kein Stipendium f\u00fcr dieses Semester beantragt werden.<\/p>\n<p>Berufst\u00e4tigkeit mit einem Verdienst von mindestens 606.-\u20ac netto im Monat (inkl. Sonderzahlungen), d.h. der\/die Studierende muss sich selbst zur G\u00e4nze erhalten.<\/p>\n<p>F\u00fcr die Berechnung wird jeweils der Verdienst des vor der Antragstellung liegenden Jahres (d.h. Jahreslohnzettel oder Einkommenssteuerbescheid des vergangenen .Jahres) herangezogen.<\/p>\n<p>Ohne Berufst\u00e4tigkeit wird das Einkommen der Familie, in der der Studierende lebt herangezogen.<\/p>\n<p>Altersgrenze: Der Schulbesuch muss vor dem 30. Lebensjahr begonnen worden sein.<\/p>\n<p>Ausnahme: bei Studierenden. die sich l\u00e4nger als 4 Jahre selbst erhalten haben und solchen mit Kindern, kann diese Frist bis zum Alter von maximal 35 Jahren verl\u00e4ngert werden.<\/p>\n<p>&nbsp;<\/p>\n<h4 class=\"bodytext\"><strong>Besondere Schulbeihilfe des Bundes (f\u00fcr das 8. Semester) <\/strong><\/h4>\n<p class=\"bodytext\">Diese Beihilfe erhalten Studierende maximal 6 Monate lang (aber auch k\u00fcrzer) vor dem Termin der m\u00fcndlichen Reifepr\u00fcfung. Die Gesamtzeit von 6 Monaten kann auch geteilt werden (z.B. 1 Monat zur Vorbereitung auf eine vorgezogene Reifepr\u00fcfung im 8. Semester und die restlichen 5 Monate vor der Matura)<br \/>\n<strong>Voraussetzungen:<\/strong><\/p>\n<p>\u00d6sterreichische Staatsb\u00fcrgerschaft (Sonderregelungen f\u00fcr Ausl\u00e4nder:innen mit Lebensmittelpunkt in \u00d6sterreich)<\/p>\n<p>Mindestens 1-j\u00e4hrige Berufst\u00e4tigkeit mit einem Verdienst von mindestens 606.- \u20ac netto im Monat (inkl. Sonderzahlungen). d.h. die Studierenden m\u00fcssen sich selbst zur G\u00e4nze erhalten haben.<\/p>\n<p>Beurlaubung gegen Entfall der Bez\u00fcge (Karenz) oder nachweisliche Einstellung der Berufst\u00e4tigkeit (K\u00fcndigung). W\u00e4hrend dieser Zeit darf keine (auch keine geringf\u00fcgige) Berufst\u00e4tigkeit ausge\u00fcbt werden. Werden zus\u00e4tzlich Leistungen aus der Arbeitslosenversicherung in Anspruch genommen, so vermindert dies den Betrag der besonderen Schulbeihilfe in diesem Zeitraum.<\/p>\n","protected":false},"excerpt":{"rendered":"<p>Finanzielle Hilfen f\u00fcr Studierende &nbsp; Studierendenausweis Bitte bei den Studienkoordinator:innen beantragen. Gilt auch als Bibliotheksausweis in der Schulbibliothek. Erm\u00f6glicht Erm\u00e4\u00dfigungen bei diversen Freizeiteinrichtungen, kulturellen Veranstaltungen, Museen, Ausstellungen (auch in anderen Bundesl\u00e4ndern), etc. &nbsp; Schulbesuchsbest\u00e4tigung Bei den Studienkoordinator:innen beantragen, ein Ausdruck mit einer digitalen Signatur ist&#8230;<\/p>\n","protected":false},"author":1,"featured_media":0,"parent":0,"menu_order":0,"comment_status":"closed","ping_status":"closed","template":"","meta":{"episode_type":"","audio_file":"","cover_image":"","cover_image_id":"","duration":"","filesize":"","date_recorded":"","explicit":"","block":"","itunes_episode_number":"","itunes_title":"","itunes_season_number":"","itunes_episode_type":"","filesize_raw":"","footnotes":""},"class_list":["post-32","page","type-page","status-publish","hentry"],"_links":{"self":[{"href":"https:\/\/www.it-gymnasium.at\/abendschule\/wp-json\/wp\/v2\/pages\/32","targetHints":{"allow":["GET"]}}],"collection":[{"href":"https:\/\/www.it-gymnasium.at\/abendschule\/wp-json\/wp\/v2\/pages"}],"about":[{"href":"https:\/\/www.it-gymnasium.at\/abendschule\/wp-json\/wp\/v2\/types\/page"}],"author":[{"embeddable":true,"href":"https:\/\/www.it-gymnasium.at\/abendschule\/wp-json\/wp\/v2\/users\/1"}],"replies":[{"embeddable":true,"href":"https:\/\/www.it-gymnasium.at\/abendschule\/wp-json\/wp\/v2\/comments?post=32"}],"version-history":[{"count":11,"href":"https:\/\/www.it-gymnasium.at\/abendschule\/wp-json\/wp\/v2\/pages\/32\/revisions"}],"predecessor-version":[{"id":1125,"href":"https:\/\/www.it-gymnasium.at\/abendschule\/wp-json\/wp\/v2\/pages\/32\/revisions\/1125"}],"wp:attachment":[{"href":"https:\/\/www.it-gymnasium.at\/abendschule\/wp-json\/wp\/v2\/media?parent=32"}],"curies":[{"name":"wp","href":"https:\/\/api.w.org\/{rel}","templated":true}]}}