{"id":29,"date":"2015-12-10T13:50:35","date_gmt":"2015-12-10T12:50:35","guid":{"rendered":"http:\/\/www.it-gymnasium.at\/abendschule\/?page_id=29"},"modified":"2026-02-14T17:27:34","modified_gmt":"2026-02-14T16:27:34","slug":"downloads","status":"publish","type":"page","link":"https:\/\/www.it-gymnasium.at\/abendschule\/downloads\/","title":{"rendered":"Downloads"},"content":{"rendered":"<p><!-- Header: [end] --> <!-- Text: [begin] --><\/p>\n<h4><strong>Studierendenmodul<\/strong><\/h4>\n<p><a href=\"https:\/\/www.sokrates-bund.at\/SOKSSM\/login\" target=\"_blank\" rel=\"noopener noreferrer\">www.sokrates-bund.at\/SOKSSM\/login<\/a><\/p>\n<p>Zugang \u00fcber die Studienkoordinatoren erh\u00e4ltlich, damit k\u00f6nnen pers\u00f6nliche Daten aktualisiert, Module gebucht und die Modul\u00fcbersicht angezeigt werden, Schulbesuchsbest\u00e4tigungen k\u00f6nnen digital signiert im <a href=\"https:\/\/www.bildung.gv.at\/\" target=\"_blank\" rel=\"noopener\">Bildungsportal<\/a> erstellt werden.<\/p>\n<p>&nbsp;<\/p>\n<h4 class=\"bodytext\"><strong>Formulare<\/strong><\/h4>\n<p><a href=\"http:\/\/www.it-gymnasium.at\/abendschule\/wp-content\/uploads\/sites\/4\/2026\/02\/InfoAnmeldung_2025.pdf\" target=\"_blank\" rel=\"noopener\">FAQ und Anmeldeformular<\/a><\/p>\n<p><a class=\"download\" href=\"https:\/\/www.it-gymnasium.at\/wp-content\/uploads\/2024\/09\/IT-BenutzerinnenordnungAb2024.pdf\" target=\"_blank\" rel=\"noopener noreferrer\">Information IT-Benutzer:innenordnung<\/a><\/p>\n<p><a href=\"http:\/\/www.it-gymnasium.at\/abendschule\/wp-content\/uploads\/sites\/4\/2024\/09\/BegleitschreibenAbschnitt-Abendschule.pdf\" target=\"_blank\" rel=\"noopener\">Best\u00e4tigung Schulordnung, Benutzerordnung, Microsoft 365<\/a><\/p>\n<p><a href=\"https:\/\/www.it-gymnasium.at\/abendschule\/reifepruefung\/\">Formulare und Themenbereiche der Reifepr\u00fcfung<\/a><\/p>\n<p>&nbsp;<\/p>\n<h4><strong>Informationen<\/strong><\/h4>\n<p><a class=\"download\" href=\"https:\/\/www.it-gymnasium.at\/lehrer\/?abendschule=true\" target=\"_blank\" rel=\"noopener noreferrer\">Sprechstunden<\/a><\/p>\n<p><a href=\"https:\/\/www.it-gymnasium.at\/bibliothek\/\" target=\"_blank\" rel=\"noopener\">Schulbibliothek<\/a><\/p>\n<p><a href=\"https:\/\/www.icdl.at\/icdlschulen\" target=\"_blank\" rel=\"noopener\">ECDL\/ICDL<\/a> (Infos bei Prof. Martin KASTNER)<\/p>\n<p><a href=\"https:\/\/www.it4education.at\/escuf\/ueber-den-escuf.html\" target=\"_blank\" rel=\"noopener\">Unternehmer:innenf\u00fchrerschein<\/a> (Infos bei Prof. Martin FRIERSS-KLEINSASSER)<\/p>\n<p><a href=\"https:\/\/www.cambridgeenglish.org\/exams-and-tests\/first\/\" target=\"_blank\" rel=\"noopener\">Cambridge English<\/a> (Infos bei Prof.in Tina KLUGLER-KASTNER)<\/p>\n<p><a href=\"https:\/\/www.bmbwf.gv.at\/Themen\/schule\/schulpraxis\/ba\/sprabi\/dfk.html\" target=\"_blank\" rel=\"noopener\">Deutsch-F\u00f6rderkurse DAZ<\/a> (Infos bei Prof.in Birgit GITSCHTHALER)<\/p>\n","protected":false},"excerpt":{"rendered":"<p>Studierendenmodul www.sokrates-bund.at\/SOKSSM\/login Zugang \u00fcber die Studienkoordinatoren erh\u00e4ltlich, damit k\u00f6nnen pers\u00f6nliche Daten aktualisiert, Module gebucht und die Modul\u00fcbersicht angezeigt werden, Schulbesuchsbest\u00e4tigungen k\u00f6nnen digital signiert im Bildungsportal erstellt werden. &nbsp; Formulare FAQ und Anmeldeformular Information IT-Benutzer:innenordnung Best\u00e4tigung Schulordnung, Benutzerordnung, Microsoft 365 Formulare und Themenbereiche der Reifepr\u00fcfung &nbsp;&#8230;<\/p>\n","protected":false},"author":1,"featured_media":0,"parent":0,"menu_order":0,"comment_status":"closed","ping_status":"closed","template":"","meta":{"episode_type":"","audio_file":"","cover_image":"","cover_image_id":"","duration":"","filesize":"","date_recorded":"","explicit":"","block":"","itunes_episode_number":"","itunes_title":"","itunes_season_number":"","itunes_episode_type":"","filesize_raw":"","footnotes":""},"class_list":["post-29","page","type-page","status-publish","hentry"],"_links":{"self":[{"href":"https:\/\/www.it-gymnasium.at\/abendschule\/wp-json\/wp\/v2\/pages\/29","targetHints":{"allow":["GET"]}}],"collection":[{"href":"https:\/\/www.it-gymnasium.at\/abendschule\/wp-json\/wp\/v2\/pages"}],"about":[{"href":"https:\/\/www.it-gymnasium.at\/abendschule\/wp-json\/wp\/v2\/types\/page"}],"author":[{"embeddable":true,"href":"https:\/\/www.it-gymnasium.at\/abendschule\/wp-json\/wp\/v2\/users\/1"}],"replies":[{"embeddable":true,"href":"https:\/\/www.it-gymnasium.at\/abendschule\/wp-json\/wp\/v2\/comments?post=29"}],"version-history":[{"count":56,"href":"https:\/\/www.it-gymnasium.at\/abendschule\/wp-json\/wp\/v2\/pages\/29\/revisions"}],"predecessor-version":[{"id":1349,"href":"https:\/\/www.it-gymnasium.at\/abendschule\/wp-json\/wp\/v2\/pages\/29\/revisions\/1349"}],"wp:attachment":[{"href":"https:\/\/www.it-gymnasium.at\/abendschule\/wp-json\/wp\/v2\/media?parent=29"}],"curies":[{"name":"wp","href":"https:\/\/api.w.org\/{rel}","templated":true}]}}